{"id":8238,"date":"2025-03-19T15:51:45","date_gmt":"2025-03-19T05:51:45","guid":{"rendered":"https:\/\/masterdrilling.com\/?page_id=8238"},"modified":"2025-03-19T15:55:39","modified_gmt":"2025-03-19T05:55:39","slug":"guia-do-site","status":"publish","type":"page","link":"https:\/\/masterdrilling.com\/pt\/website-guide\/","title":{"rendered":"Guia para modificar o conte\u00fado do site"},"content":{"rendered":"<p>Para fazer altera\u00e7\u00f5es, visite <a href=\"https:\/\/masterdrilling.com\/wp-admin\">https:\/\/masterdrilling.com\/wp-admin<\/a><\/p>\n\n\n\n<h2 class=\"wp-block-heading\">Fazendo altera\u00e7\u00f5es em p\u00e1ginas est\u00e1ticas<\/h2>\n\n\n\n<figure class=\"wp-block-embed is-type-video is-provider-youtube wp-block-embed-youtube wp-embed-aspect-4-3 wp-has-aspect-ratio\"><div class=\"wp-block-embed__wrapper\">\n<iframe title=\"Master Drilling Group - Construtor de P\u00e1ginas Elementor\" width=\"800\" height=\"600\" src=\"https:\/\/www.youtube.com\/embed\/TBHm3Rt0RHs?feature=oembed\" frameborder=\"0\" allow=\"accelerometer; autoplay; clipboard-write; encrypted-media; gyroscope; picture-in-picture; web-share\" referrerpolicy=\"strict-origin-when-cross-origin\" allowfullscreen><\/iframe>\n<\/div><\/figure>\n\n\n\n<p><\/p>\n\n\n\n<h2 class=\"wp-block-heading\">Fazendo altera\u00e7\u00f5es nos servi\u00e7os<\/h2>\n\n\n\n<figure class=\"wp-block-embed is-type-video is-provider-youtube wp-block-embed-youtube wp-embed-aspect-4-3 wp-has-aspect-ratio\"><div class=\"wp-block-embed__wrapper\">\n<iframe title=\"Master Drilling Group Global: Servi\u00e7os - Conte\u00fado Din\u00e2mico\" width=\"800\" height=\"600\" src=\"https:\/\/www.youtube.com\/embed\/eUm9L2wkENY?feature=oembed\" frameborder=\"0\" allow=\"accelerometer; autoplay; clipboard-write; encrypted-media; gyroscope; picture-in-picture; web-share\" referrerpolicy=\"strict-origin-when-cross-origin\" allowfullscreen><\/iframe>\n<\/div><\/figure>\n\n\n\n<p><\/p>\n\n\n\n<h2 class=\"wp-block-heading\">Fazendo mudan\u00e7as na equipe de lideran\u00e7a<\/h2>\n\n\n\n<figure class=\"wp-block-embed is-type-video is-provider-youtube wp-block-embed-youtube wp-embed-aspect-16-9 wp-has-aspect-ratio\"><div class=\"wp-block-embed__wrapper\">\n<iframe title=\"Grupo de Perfura\u00e7\u00e3o Mestre: Equipe de Lideran\u00e7a - Conte\u00fado Din\u00e2mico\" width=\"800\" height=\"450\" src=\"https:\/\/www.youtube.com\/embed\/u0VZc4FI1q8?feature=oembed\" frameborder=\"0\" allow=\"accelerometer; autoplay; clipboard-write; encrypted-media; gyroscope; picture-in-picture; web-share\" referrerpolicy=\"strict-origin-when-cross-origin\" allowfullscreen><\/iframe>\n<\/div><\/figure>\n\n\n\n<p><\/p>\n\n\n\n<h2 class=\"wp-block-heading\">Fazendo altera\u00e7\u00f5es em itens de not\u00edcias<\/h2>\n\n\n\n<figure class=\"wp-block-embed is-type-video is-provider-youtube wp-block-embed-youtube wp-embed-aspect-4-3 wp-has-aspect-ratio\"><div class=\"wp-block-embed__wrapper\">\n<iframe title=\"Master Drilling Group Global: Not\u00edcias - Conte\u00fado Din\u00e2mico\" width=\"800\" height=\"450\" src=\"https:\/\/www.youtube.com\/embed\/ZxEQOcJsKNk?feature=oembed\" frameborder=\"0\" allow=\"accelerometer; autoplay; clipboard-write; encrypted-media; gyroscope; picture-in-picture; web-share\" referrerpolicy=\"strict-origin-when-cross-origin\" allowfullscreen><\/iframe>\n<\/div><\/figure>\n\n\n\n<p><\/p>\n\n\n\n<h2 class=\"wp-block-heading\">Fazendo altera\u00e7\u00f5es em estudos de caso<\/h2>\n\n\n\n<figure class=\"wp-block-embed is-type-video is-provider-youtube wp-block-embed-youtube wp-embed-aspect-16-9 wp-has-aspect-ratio\"><div class=\"wp-block-embed__wrapper\">\n<iframe title=\"Site global do Master Drilling Goup: Estudos de caso - Conte\u00fado din\u00e2mico\" width=\"800\" height=\"450\" src=\"https:\/\/www.youtube.com\/embed\/oyUjUtP_tWc?feature=oembed\" frameborder=\"0\" allow=\"accelerometer; autoplay; clipboard-write; encrypted-media; gyroscope; picture-in-picture; web-share\" referrerpolicy=\"strict-origin-when-cross-origin\" allowfullscreen><\/iframe>\n<\/div><\/figure>\n\n\n\n<p><\/p>\n\n\n\n<h2 class=\"wp-block-heading\">Fazendo altera\u00e7\u00f5es nos perfis de regi\u00e3o<\/h2>\n\n\n\n<figure class=\"wp-block-embed is-type-video is-provider-youtube wp-block-embed-youtube wp-embed-aspect-16-9 wp-has-aspect-ratio\"><div class=\"wp-block-embed__wrapper\">\n<iframe title=\"Site global do Master Drilling Group: Onde trabalhamos - Conte\u00fado din\u00e2mico\" width=\"800\" height=\"450\" src=\"https:\/\/www.youtube.com\/embed\/yG3bHT1E4k4?feature=oembed\" frameborder=\"0\" allow=\"accelerometer; autoplay; clipboard-write; encrypted-media; gyroscope; picture-in-picture; web-share\" referrerpolicy=\"strict-origin-when-cross-origin\" allowfullscreen><\/iframe>\n<\/div><\/figure>\n\n\n\n<p><\/p>","protected":false},"excerpt":{"rendered":"<p>Para fazer altera\u00e7\u00f5es, visite https:\/\/masterdrilling.com\/wp-admin Fazendo altera\u00e7\u00f5es em p\u00e1ginas est\u00e1ticas Fazendo altera\u00e7\u00f5es em servi\u00e7os Fazendo altera\u00e7\u00f5es na equipe de lideran\u00e7a Fazendo altera\u00e7\u00f5es em itens de not\u00edcias Fazendo altera\u00e7\u00f5es em estudos de caso Fazendo altera\u00e7\u00f5es em perfis de regi\u00e3o<\/p>","protected":false},"author":11,"featured_media":0,"parent":0,"menu_order":0,"comment_status":"closed","ping_status":"closed","template":"","meta":{"footnotes":""},"class_list":["post-8238","page","type-page","status-publish","hentry"],"yoast_head":"<!-- This site is optimized with the Yoast SEO plugin v27.3 - https:\/\/yoast.com\/product\/yoast-seo-wordpress\/ -->\n<title>Guide for Modifying Website Content - Master Drilling Group<\/title>\n<meta name=\"robots\" content=\"index, follow, max-snippet:-1, max-image-preview:large, max-video-preview:-1\" \/>\n<link rel=\"canonical\" href=\"https:\/\/masterdrilling.com\/pt\/guia-do-site\/\" \/>\n<meta property=\"og:locale\" content=\"pt_BR\" \/>\n<meta property=\"og:type\" content=\"article\" \/>\n<meta property=\"og:title\" content=\"Guide for Modifying Website Content - Master Drilling Group\" \/>\n<meta property=\"og:description\" content=\"To make changes, visit https:\/\/masterdrilling.com\/wp-admin Making changes to static pages Making Changes to Services Making Changes to Leadership Team Making Changes to News Items Making Changes to Case Studies Making Changes to Region Profiles\" \/>\n<meta property=\"og:url\" content=\"https:\/\/masterdrilling.com\/pt\/guia-do-site\/\" \/>\n<meta property=\"og:site_name\" content=\"Master Drilling Group\" \/>\n<meta property=\"article:modified_time\" content=\"2025-03-19T05:55:39+00:00\" \/>\n<meta name=\"twitter:card\" content=\"summary_large_image\" \/>\n<meta name=\"twitter:label1\" content=\"Est. tempo de leitura\" \/>\n\t<meta name=\"twitter:data1\" content=\"1 minuto\" \/>\n<script type=\"application\/ld+json\" class=\"yoast-schema-graph\">{\"@context\":\"https:\\\/\\\/schema.org\",\"@graph\":[{\"@type\":\"WebPage\",\"@id\":\"https:\\\/\\\/masterdrilling.com\\\/website-guide\\\/\",\"url\":\"https:\\\/\\\/masterdrilling.com\\\/website-guide\\\/\",\"name\":\"Guide for Modifying Website Content - Master Drilling Group\",\"isPartOf\":{\"@id\":\"https:\\\/\\\/masterdrilling.com\\\/#website\"},\"datePublished\":\"2025-03-19T05:51:45+00:00\",\"dateModified\":\"2025-03-19T05:55:39+00:00\",\"breadcrumb\":{\"@id\":\"https:\\\/\\\/masterdrilling.com\\\/website-guide\\\/#breadcrumb\"},\"inLanguage\":\"pt-BR\",\"potentialAction\":[{\"@type\":\"ReadAction\",\"target\":[\"https:\\\/\\\/masterdrilling.com\\\/website-guide\\\/\"]}]},{\"@type\":\"BreadcrumbList\",\"@id\":\"https:\\\/\\\/masterdrilling.com\\\/website-guide\\\/#breadcrumb\",\"itemListElement\":[{\"@type\":\"ListItem\",\"position\":1,\"name\":\"Home\",\"item\":\"https:\\\/\\\/masterdrilling.com\\\/\"},{\"@type\":\"ListItem\",\"position\":2,\"name\":\"Guide for Modifying Website Content\"}]},{\"@type\":\"WebSite\",\"@id\":\"https:\\\/\\\/masterdrilling.com\\\/#website\",\"url\":\"https:\\\/\\\/masterdrilling.com\\\/\",\"name\":\"Master Drilling Group\",\"description\":\"Leveraging experience &amp; expertise to help businesses grow\",\"potentialAction\":[{\"@type\":\"SearchAction\",\"target\":{\"@type\":\"EntryPoint\",\"urlTemplate\":\"https:\\\/\\\/masterdrilling.com\\\/?s={search_term_string}\"},\"query-input\":{\"@type\":\"PropertyValueSpecification\",\"valueRequired\":true,\"valueName\":\"search_term_string\"}}],\"inLanguage\":\"pt-BR\"}]}<\/script>\n<!-- \/ Yoast SEO plugin. -->","yoast_head_json":{"title":"Guia para modifica\u00e7\u00e3o do conte\u00fado do site - Master Drilling Group","robots":{"index":"index","follow":"follow","max-snippet":"max-snippet:-1","max-image-preview":"max-image-preview:large","max-video-preview":"max-video-preview:-1"},"canonical":"https:\/\/masterdrilling.com\/pt\/guia-do-site\/","og_locale":"pt_BR","og_type":"article","og_title":"Guide for Modifying Website Content - Master Drilling Group","og_description":"To make changes, visit https:\/\/masterdrilling.com\/wp-admin Making changes to static pages Making Changes to Services Making Changes to Leadership Team Making Changes to News Items Making Changes to Case Studies Making Changes to Region Profiles","og_url":"https:\/\/masterdrilling.com\/pt\/guia-do-site\/","og_site_name":"Master Drilling Group","article_modified_time":"2025-03-19T05:55:39+00:00","twitter_card":"summary_large_image","twitter_misc":{"Est. tempo de leitura":"1 minuto"},"schema":{"@context":"https:\/\/schema.org","@graph":[{"@type":"WebPage","@id":"https:\/\/masterdrilling.com\/website-guide\/","url":"https:\/\/masterdrilling.com\/website-guide\/","name":"Guia para modifica\u00e7\u00e3o do conte\u00fado do site - Master Drilling Group","isPartOf":{"@id":"https:\/\/masterdrilling.com\/#website"},"datePublished":"2025-03-19T05:51:45+00:00","dateModified":"2025-03-19T05:55:39+00:00","breadcrumb":{"@id":"https:\/\/masterdrilling.com\/website-guide\/#breadcrumb"},"inLanguage":"pt-BR","potentialAction":[{"@type":"ReadAction","target":["https:\/\/masterdrilling.com\/website-guide\/"]}]},{"@type":"BreadcrumbList","@id":"https:\/\/masterdrilling.com\/website-guide\/#breadcrumb","itemListElement":[{"@type":"ListItem","position":1,"name":"Home","item":"https:\/\/masterdrilling.com\/"},{"@type":"ListItem","position":2,"name":"Guide for Modifying Website Content"}]},{"@type":"WebSite","@id":"https:\/\/masterdrilling.com\/#website","url":"https:\/\/masterdrilling.com\/","name":"Grupo Mestre de Perfura\u00e7\u00e3o","description":"Aproveitamento da experi\u00eancia e do conhecimento para ajudar as empresas a crescer","potentialAction":[{"@type":"SearchAction","target":{"@type":"EntryPoint","urlTemplate":"https:\/\/masterdrilling.com\/?s={search_term_string}"},"query-input":{"@type":"PropertyValueSpecification","valueRequired":true,"valueName":"search_term_string"}}],"inLanguage":"pt-BR"}]}},"_links":{"self":[{"href":"https:\/\/masterdrilling.com\/pt\/wp-json\/wp\/v2\/pages\/8238","targetHints":{"allow":["GET"]}}],"collection":[{"href":"https:\/\/masterdrilling.com\/pt\/wp-json\/wp\/v2\/pages"}],"about":[{"href":"https:\/\/masterdrilling.com\/pt\/wp-json\/wp\/v2\/types\/page"}],"author":[{"embeddable":true,"href":"https:\/\/masterdrilling.com\/pt\/wp-json\/wp\/v2\/users\/11"}],"replies":[{"embeddable":true,"href":"https:\/\/masterdrilling.com\/pt\/wp-json\/wp\/v2\/comments?post=8238"}],"version-history":[{"count":3,"href":"https:\/\/masterdrilling.com\/pt\/wp-json\/wp\/v2\/pages\/8238\/revisions"}],"predecessor-version":[{"id":8241,"href":"https:\/\/masterdrilling.com\/pt\/wp-json\/wp\/v2\/pages\/8238\/revisions\/8241"}],"wp:attachment":[{"href":"https:\/\/masterdrilling.com\/pt\/wp-json\/wp\/v2\/media?parent=8238"}],"curies":[{"name":"wp","href":"https:\/\/api.w.org\/{rel}","templated":true}]}}