{"id":345,"date":"2023-08-29T17:21:24","date_gmt":"2023-08-29T07:21:24","guid":{"rendered":"https:\/\/live.mdg.ionyx.agency\/?page_id=345"},"modified":"2025-02-07T18:18:14","modified_gmt":"2025-02-07T08:18:14","slug":"obrigado","status":"publish","type":"page","link":"https:\/\/masterdrilling.com\/pt\/thank-you\/","title":{"rendered":"Obrigado"},"content":{"rendered":"<div data-elementor-type=\"wp-page\" data-elementor-id=\"345\" class=\"elementor elementor-345\" data-elementor-post-type=\"page\">\n\t\t\t\t<div class=\"elementor-element elementor-element-5fcf331 e-flex e-con-boxed e-con e-parent\" data-id=\"5fcf331\" data-element_type=\"container\" data-e-type=\"container\">\n\t\t\t\t\t<div class=\"e-con-inner\">\n\t\t\t\t<div class=\"elementor-element elementor-element-b8d3086 elementor-widget elementor-widget-heading\" data-id=\"b8d3086\" data-element_type=\"widget\" data-e-type=\"widget\" data-widget_type=\"heading.default\">\n\t\t\t\t<div class=\"elementor-widget-container\">\n\t\t\t\t\t<h2 class=\"elementor-heading-title elementor-size-default\">Obrigado pelo seu envio!<\/h2>\t\t\t\t<\/div>\n\t\t\t\t<\/div>\n\t\t\t\t<div class=\"elementor-element elementor-element-f379488 elementor-widget elementor-widget-heading\" data-id=\"f379488\" data-element_type=\"widget\" data-e-type=\"widget\" data-widget_type=\"heading.default\">\n\t\t\t\t<div class=\"elementor-widget-container\">\n\t\t\t\t\t<h5 class=\"elementor-heading-title elementor-size-default\">Um membro da nossa equipe entrar\u00e1 em contato em breve<\/h5>\t\t\t\t<\/div>\n\t\t\t\t<\/div>\n\t\t\t\t<div class=\"elementor-element elementor-element-c228ce1 elementor-align-center elementor-mobile_extra-align-center elementor-widget elementor-widget-button\" data-id=\"c228ce1\" data-element_type=\"widget\" data-e-type=\"widget\" data-widget_type=\"button.default\">\n\t\t\t\t<div class=\"elementor-widget-container\">\n\t\t\t\t\t\t\t\t\t<div class=\"elementor-button-wrapper\">\n\t\t\t\t\t<a class=\"elementor-button elementor-button-link elementor-size-sm\" href=\"https:\/\/masterdrilling.com\/pt\">\n\t\t\t\t\t\t<span class=\"elementor-button-content-wrapper\">\n\t\t\t\t\t\t\t\t\t<span class=\"elementor-button-text\">Voltar para a p\u00e1gina inicial<\/span>\n\t\t\t\t\t<\/span>\n\t\t\t\t\t<\/a>\n\t\t\t\t<\/div>\n\t\t\t\t\t\t\t\t<\/div>\n\t\t\t\t<\/div>\n\t\t\t\t\t<\/div>\n\t\t\t\t<\/div>\n\t\t\t\t<\/div>","protected":false},"excerpt":{"rendered":"<p>Obrigado por seu envio! Um membro da nossa equipe entrar\u00e1 em contato em breve Retornar \u00e0 p\u00e1gina inicial<\/p>","protected":false},"author":11,"featured_media":0,"parent":0,"menu_order":0,"comment_status":"closed","ping_status":"closed","template":"","meta":{"footnotes":""},"class_list":["post-345","page","type-page","status-publish","hentry"],"yoast_head":"<!-- This site is optimized with the Yoast SEO plugin v27.3 - https:\/\/yoast.com\/product\/yoast-seo-wordpress\/ -->\n<title>Master Drilling Group - Leveraging experience &amp; expertise to help businesses grow<\/title>\n<meta name=\"robots\" content=\"index, follow, max-snippet:-1, max-image-preview:large, max-video-preview:-1\" \/>\n<link rel=\"canonical\" href=\"https:\/\/masterdrilling.com\/pt\/obrigado\/\" \/>\n<meta property=\"og:locale\" content=\"pt_BR\" \/>\n<meta property=\"og:type\" content=\"article\" \/>\n<meta property=\"og:title\" content=\"Master Drilling Group - Leveraging experience &amp; expertise to help businesses grow\" \/>\n<meta property=\"og:description\" content=\"Thank you for your submission! A member of our team will be in touch shortly Return to homepage\" \/>\n<meta property=\"og:url\" content=\"https:\/\/masterdrilling.com\/pt\/obrigado\/\" \/>\n<meta property=\"og:site_name\" content=\"Master Drilling Group\" \/>\n<meta property=\"article:modified_time\" content=\"2025-02-07T08:18:14+00:00\" \/>\n<meta name=\"twitter:card\" content=\"summary_large_image\" \/>\n<meta name=\"twitter:label1\" content=\"Est. tempo de leitura\" \/>\n\t<meta name=\"twitter:data1\" content=\"1 minuto\" \/>\n<script type=\"application\/ld+json\" class=\"yoast-schema-graph\">{\"@context\":\"https:\\\/\\\/schema.org\",\"@graph\":[{\"@type\":\"WebPage\",\"@id\":\"https:\\\/\\\/masterdrilling.com\\\/thank-you\\\/\",\"url\":\"https:\\\/\\\/masterdrilling.com\\\/thank-you\\\/\",\"name\":\"Master Drilling Group - Leveraging experience &amp; expertise to help businesses grow\",\"isPartOf\":{\"@id\":\"https:\\\/\\\/masterdrilling.com\\\/#website\"},\"datePublished\":\"2023-08-29T07:21:24+00:00\",\"dateModified\":\"2025-02-07T08:18:14+00:00\",\"breadcrumb\":{\"@id\":\"https:\\\/\\\/masterdrilling.com\\\/thank-you\\\/#breadcrumb\"},\"inLanguage\":\"pt-BR\",\"potentialAction\":[{\"@type\":\"ReadAction\",\"target\":[\"https:\\\/\\\/masterdrilling.com\\\/thank-you\\\/\"]}]},{\"@type\":\"BreadcrumbList\",\"@id\":\"https:\\\/\\\/masterdrilling.com\\\/thank-you\\\/#breadcrumb\",\"itemListElement\":[{\"@type\":\"ListItem\",\"position\":1,\"name\":\"Home\",\"item\":\"https:\\\/\\\/masterdrilling.com\\\/\"},{\"@type\":\"ListItem\",\"position\":2,\"name\":\"Thank You\"}]},{\"@type\":\"WebSite\",\"@id\":\"https:\\\/\\\/masterdrilling.com\\\/#website\",\"url\":\"https:\\\/\\\/masterdrilling.com\\\/\",\"name\":\"Master Drilling Group\",\"description\":\"Leveraging experience &amp; expertise to help businesses grow\",\"potentialAction\":[{\"@type\":\"SearchAction\",\"target\":{\"@type\":\"EntryPoint\",\"urlTemplate\":\"https:\\\/\\\/masterdrilling.com\\\/?s={search_term_string}\"},\"query-input\":{\"@type\":\"PropertyValueSpecification\",\"valueRequired\":true,\"valueName\":\"search_term_string\"}}],\"inLanguage\":\"pt-BR\"}]}<\/script>\n<!-- \/ Yoast SEO plugin. -->","yoast_head_json":{"title":"Master Drilling Group - Aproveitamento da experi\u00eancia e do conhecimento para ajudar as empresas a crescer","robots":{"index":"index","follow":"follow","max-snippet":"max-snippet:-1","max-image-preview":"max-image-preview:large","max-video-preview":"max-video-preview:-1"},"canonical":"https:\/\/masterdrilling.com\/pt\/obrigado\/","og_locale":"pt_BR","og_type":"article","og_title":"Master Drilling Group - Leveraging experience &amp; expertise to help businesses grow","og_description":"Thank you for your submission! A member of our team will be in touch shortly Return to homepage","og_url":"https:\/\/masterdrilling.com\/pt\/obrigado\/","og_site_name":"Master Drilling Group","article_modified_time":"2025-02-07T08:18:14+00:00","twitter_card":"summary_large_image","twitter_misc":{"Est. tempo de leitura":"1 minuto"},"schema":{"@context":"https:\/\/schema.org","@graph":[{"@type":"WebPage","@id":"https:\/\/masterdrilling.com\/thank-you\/","url":"https:\/\/masterdrilling.com\/thank-you\/","name":"Master Drilling Group - Aproveitamento da experi\u00eancia e do conhecimento para ajudar as empresas a crescer","isPartOf":{"@id":"https:\/\/masterdrilling.com\/#website"},"datePublished":"2023-08-29T07:21:24+00:00","dateModified":"2025-02-07T08:18:14+00:00","breadcrumb":{"@id":"https:\/\/masterdrilling.com\/thank-you\/#breadcrumb"},"inLanguage":"pt-BR","potentialAction":[{"@type":"ReadAction","target":["https:\/\/masterdrilling.com\/thank-you\/"]}]},{"@type":"BreadcrumbList","@id":"https:\/\/masterdrilling.com\/thank-you\/#breadcrumb","itemListElement":[{"@type":"ListItem","position":1,"name":"Home","item":"https:\/\/masterdrilling.com\/"},{"@type":"ListItem","position":2,"name":"Thank You"}]},{"@type":"WebSite","@id":"https:\/\/masterdrilling.com\/#website","url":"https:\/\/masterdrilling.com\/","name":"Grupo Mestre de Perfura\u00e7\u00e3o","description":"Aproveitamento da experi\u00eancia e do conhecimento para ajudar as empresas a crescer","potentialAction":[{"@type":"SearchAction","target":{"@type":"EntryPoint","urlTemplate":"https:\/\/masterdrilling.com\/?s={search_term_string}"},"query-input":{"@type":"PropertyValueSpecification","valueRequired":true,"valueName":"search_term_string"}}],"inLanguage":"pt-BR"}]}},"_links":{"self":[{"href":"https:\/\/masterdrilling.com\/pt\/wp-json\/wp\/v2\/pages\/345","targetHints":{"allow":["GET"]}}],"collection":[{"href":"https:\/\/masterdrilling.com\/pt\/wp-json\/wp\/v2\/pages"}],"about":[{"href":"https:\/\/masterdrilling.com\/pt\/wp-json\/wp\/v2\/types\/page"}],"author":[{"embeddable":true,"href":"https:\/\/masterdrilling.com\/pt\/wp-json\/wp\/v2\/users\/11"}],"replies":[{"embeddable":true,"href":"https:\/\/masterdrilling.com\/pt\/wp-json\/wp\/v2\/comments?post=345"}],"version-history":[{"count":4,"href":"https:\/\/masterdrilling.com\/pt\/wp-json\/wp\/v2\/pages\/345\/revisions"}],"predecessor-version":[{"id":3908,"href":"https:\/\/masterdrilling.com\/pt\/wp-json\/wp\/v2\/pages\/345\/revisions\/3908"}],"wp:attachment":[{"href":"https:\/\/masterdrilling.com\/pt\/wp-json\/wp\/v2\/media?parent=345"}],"curies":[{"name":"wp","href":"https:\/\/api.w.org\/{rel}","templated":true}]}}