{"id":3,"date":"2023-07-05T02:02:16","date_gmt":"2023-07-04T16:02:16","guid":{"rendered":"https:\/\/live.mdg.ionyx.agency\/?page_id=3"},"modified":"2025-01-24T16:49:57","modified_gmt":"2025-01-24T06:49:57","slug":"politica-de-privacidade","status":"publish","type":"page","link":"https:\/\/masterdrilling.com\/pt\/privacy-policy\/","title":{"rendered":"pol\u00edtica de Privacidade"},"content":{"rendered":"<div data-elementor-type=\"wp-page\" data-elementor-id=\"3\" class=\"elementor elementor-3\" data-elementor-post-type=\"page\">\n\t\t\t\t<div class=\"elementor-element elementor-element-1216a4a e-con-full e-flex e-con e-parent\" data-id=\"1216a4a\" data-element_type=\"container\" data-e-type=\"container\" data-settings=\"{&quot;background_background&quot;:&quot;classic&quot;}\">\n\t\t\t\t<div class=\"elementor-element elementor-element-1a4630d elementor-widget elementor-widget-template\" data-id=\"1a4630d\" data-element_type=\"widget\" data-e-type=\"widget\" data-widget_type=\"template.default\">\n\t\t\t\t<div class=\"elementor-widget-container\">\n\t\t\t\t\t\t\t<div class=\"elementor-template\">\n\t\t\t\t\t<div data-elementor-type=\"container\" data-elementor-id=\"522\" class=\"elementor elementor-522\" data-elementor-post-type=\"elementor_library\">\n\t\t\t\t<div class=\"elementor-element elementor-element-74caf199 e-con-full e-flex e-con e-child\" data-id=\"74caf199\" data-element_type=\"container\" data-e-type=\"container\" data-settings=\"{&quot;background_background&quot;:&quot;classic&quot;}\">\n\t\t<div class=\"elementor-element elementor-element-285ecaeb e-flex e-con-boxed e-con e-child\" data-id=\"285ecaeb\" data-element_type=\"container\" data-e-type=\"container\">\n\t\t\t\t\t<div class=\"e-con-inner\">\n\t\t\t\t<div class=\"elementor-element elementor-element-4680b6df elementor-widget elementor-widget-heading\" data-id=\"4680b6df\" data-element_type=\"widget\" data-e-type=\"widget\" data-widget_type=\"heading.default\">\n\t\t\t\t<div class=\"elementor-widget-container\">\n\t\t\t\t\t<h1 class=\"elementor-heading-title elementor-size-default\">pol\u00edtica de Privacidade<\/h1>\t\t\t\t<\/div>\n\t\t\t\t<\/div>\n\t\t\t\t\t<\/div>\n\t\t\t\t<\/div>\n\t\t\t\t<\/div>\n\t\t\t\t<\/div>\n\t\t\t\t<\/div>\n\t\t\t\t\t\t<\/div>\n\t\t\t\t<\/div>\n\t\t<div class=\"elementor-element elementor-element-b105040 e-flex e-con-boxed e-con e-child\" data-id=\"b105040\" data-element_type=\"container\" data-e-type=\"container\">\n\t\t\t\t\t<div class=\"e-con-inner\">\n\t\t\t\t<div class=\"elementor-element elementor-element-5418677 elementor-widget elementor-widget-text-editor\" data-id=\"5418677\" data-element_type=\"widget\" data-e-type=\"widget\" data-widget_type=\"text-editor.default\">\n\t\t\t\t<div class=\"elementor-widget-container\">\n\t\t\t\t\t\t\t\t\t<p><strong>Pol\u00edtica de Privacidade do Master Drilling Group<\/strong><\/p><p>O Master Drilling Group est\u00e1 comprometido em fornecer servi\u00e7os de alta qualidade, garantindo a prote\u00e7\u00e3o da sua privacidade. Esta pol\u00edtica descreve nossas obriga\u00e7\u00f5es com voc\u00ea em rela\u00e7\u00e3o \u00e0 coleta, uso e gerenciamento de suas Informa\u00e7\u00f5es Pessoais, de acordo com os padr\u00f5es e regulamentos globais de privacidade.<\/p><h3>O que s\u00e3o informa\u00e7\u00f5es pessoais e por que as coletamos?<\/h3><p>Informa\u00e7\u00f5es pessoais referem-se a quaisquer dados que possam identificar um indiv\u00edduo, como nomes, endere\u00e7os, endere\u00e7os de e-mail, n\u00fameros de telefone e outros detalhes de contato.<\/p><p>Coletamos Informa\u00e7\u00f5es Pessoais de v\u00e1rias maneiras, incluindo:<\/p><ul><li><strong>Intera\u00e7\u00f5es diretas<\/strong> como entrevistas, correspond\u00eancias, telefonemas e e-mails.<\/li><li><strong>Intera\u00e7\u00f5es online<\/strong> atrav\u00e9s do nosso site (<a href=\"https:\/\/masterdrilling.com\/pt\/\" target=\"_new\" rel=\"noopener\">www.masterdrilling.com<\/a>), incluindo o uso de cookies.<\/li><li><strong>Fontes dispon\u00edveis publicamente.<\/strong><\/li><li><strong>Terceiros<\/strong>, quando aplic\u00e1vel.<\/li><\/ul><p>Coletamos essas informa\u00e7\u00f5es para:<\/p><ul><li>Fornecer e melhorar nossos servi\u00e7os.<\/li><li>Comunique-se com clientes e partes interessadas.<\/li><li>Realizar atividades de marketing e promo\u00e7\u00e3o.<\/li><\/ul><p>Voc\u00ea pode cancelar a inscri\u00e7\u00e3o em nossas listas de e-mail ou marketing a qualquer momento, entrando em contato conosco por escrito. Quando aplic\u00e1vel, explicaremos por que estamos coletando suas informa\u00e7\u00f5es e como elas ser\u00e3o usadas.<\/p><h3>Informa\u00e7\u00f5es sens\u00edveis<\/h3><p>Informa\u00e7\u00f5es confidenciais incluem dados relacionados a ra\u00e7a, etnia, opini\u00f5es pol\u00edticas, religi\u00e3o, filia\u00e7\u00e3o sindical, sa\u00fade ou antecedentes criminais.<\/p><p>Utilizamos apenas Informa\u00e7\u00f5es Sens\u00edveis:<\/p><ul><li>Para a finalidade para a qual foram coletados.<\/li><li>Para prop\u00f3sitos intimamente relacionados que s\u00e3o razoavelmente esperados.<\/li><li>Com seu consentimento expl\u00edcito ou quando exigido pelas leis e regulamentos aplic\u00e1veis.<\/li><\/ul><h3>Cobran\u00e7a de Terceiros<\/h3><p>Quando for razo\u00e1vel e pratic\u00e1vel, coletaremos Informa\u00e7\u00f5es Pessoais diretamente de voc\u00ea. No entanto, tamb\u00e9m podemos receber informa\u00e7\u00f5es de terceiros. Nesses casos, tomaremos medidas razo\u00e1veis para garantir que voc\u00ea esteja ciente das informa\u00e7\u00f5es que nos s\u00e3o fornecidas.<\/p><h3>Divulga\u00e7\u00e3o de Informa\u00e7\u00f5es Pessoais<\/h3><p>Suas Informa\u00e7\u00f5es Pessoais podem ser divulgadas nas seguintes circunst\u00e2ncias:<\/p><ul><li>A terceiros com o seu consentimento.<\/li><li>Quando exigido ou permitido pelas leis ou regulamentos aplic\u00e1veis.<\/li><\/ul><h3>Seguran\u00e7a de Informa\u00e7\u00f5es Pessoais<\/h3><p>Estamos comprometidos em proteger suas Informa\u00e7\u00f5es Pessoais contra acesso n\u00e3o autorizado, uso indevido, perda ou divulga\u00e7\u00e3o.<\/p><p>Quando as Informa\u00e7\u00f5es Pessoais n\u00e3o forem mais necess\u00e1rias, tomaremos medidas para destru\u00ed-las ou desidentific\u00e1-las com seguran\u00e7a. No entanto, a maioria das informa\u00e7\u00f5es ser\u00e1 retida por um per\u00edodo m\u00ednimo, conforme exigido pelos regulamentos aplic\u00e1veis ou pelas necessidades comerciais.<\/p><h3>Acesso \u00e0s suas informa\u00e7\u00f5es pessoais<\/h3><p>Voc\u00ea tem o direito de acessar, atualizar ou corrigir as Informa\u00e7\u00f5es Pessoais que mantemos sobre voc\u00ea, sujeito \u00e0s leis aplic\u00e1veis. Caso deseje acessar suas informa\u00e7\u00f5es, entre em contato conosco por escrito.<\/p><p>N\u00e3o cobramos taxas por solicita\u00e7\u00f5es de acesso, mas podemos cobrar uma taxa administrativa por c\u00f3pias das suas informa\u00e7\u00f5es. Para proteger seus dados, podemos exigir identifica\u00e7\u00e3o antes de conceder acesso.<\/p><h3>Mantendo a qualidade de suas informa\u00e7\u00f5es pessoais<\/h3><p>N\u00f3s nos esfor\u00e7amos para garantir que suas Informa\u00e7\u00f5es Pessoais estejam precisas, completas e atualizadas. Notifique-nos imediatamente sobre quaisquer altera\u00e7\u00f5es para que possamos atualizar nossos registros e continuar a fornecer servi\u00e7os de qualidade.<\/p><h3>Atualiza\u00e7\u00f5es de pol\u00edticas<\/h3><p>Esta Pol\u00edtica de Privacidade poder\u00e1 ser atualizada periodicamente para refletir mudan\u00e7as nas pr\u00e1ticas comerciais ou requisitos legais. A vers\u00e3o mais recente estar\u00e1 sempre dispon\u00edvel em nosso site.<\/p><h3>Pol\u00edtica de Privacidade Reclama\u00e7\u00f5es e Consultas<\/h3><p>Caso tenha alguma d\u00favida, preocupa\u00e7\u00e3o ou reclama\u00e7\u00e3o sobre nossa Pol\u00edtica de Privacidade, entre em contato conosco:<\/p><p><strong>Grupo Mestre de Perfura\u00e7\u00e3o<\/strong><br \/><strong>Escrit\u00f3rio Corporativo:<\/strong><br \/>Rua Bosman, 4<br \/>Fochville, 2515<br \/>\u00c1frica do Sul<\/p><p><strong>Endere\u00e7o postal:<\/strong><br \/>Caixa Postal 902<br \/>Fochville, 2515<br \/>\u00c1frica do Sul<\/p><p><strong>Telefone:<\/strong> +27 18 771 8100<br \/><strong>E-mail:<\/strong> <a rel=\"noopener\">info@masterdrilling.com<\/a><\/p><p>Para mais informa\u00e7\u00f5es, visite nosso site em <a href=\"https:\/\/masterdrilling.com\/pt\/\" target=\"_new\" rel=\"noopener\">www.masterdrilling.com<\/a>.<\/p>\t\t\t\t\t\t\t\t<\/div>\n\t\t\t\t<\/div>\n\t\t\t\t\t<\/div>\n\t\t\t\t<\/div>\n\t\t\t\t<\/div>\n\t\t\t\t<\/div>","protected":false},"excerpt":{"rendered":"<p>Master Drilling Group Privacy Policy Master Drilling Group is committed to providing high-quality services while ensuring your privacy is protected. This policy outlines our obligations to you regarding the collection, use, and management of your Personal Information in accordance with global privacy standards and regulations. What is Personal Information and Why Do We Collect It? [&hellip;]<\/p>\n","protected":false},"author":11,"featured_media":0,"parent":0,"menu_order":0,"comment_status":"closed","ping_status":"closed","template":"","meta":{"footnotes":""},"class_list":["post-3","page","type-page","status-publish","hentry"],"yoast_head":"<!-- This site is optimized with the Yoast SEO plugin v27.2 - https:\/\/yoast.com\/product\/yoast-seo-wordpress\/ -->\n<title>Privacy Policy - Master Drilling Group<\/title>\n<meta name=\"robots\" content=\"index, follow, max-snippet:-1, max-image-preview:large, max-video-preview:-1\" \/>\n<link rel=\"canonical\" href=\"https:\/\/masterdrilling.com\/pt\/politica-de-privacidade\/\" \/>\n<meta property=\"og:locale\" content=\"pt_BR\" \/>\n<meta property=\"og:type\" content=\"article\" \/>\n<meta property=\"og:title\" content=\"Privacy Policy - Master Drilling Group\" \/>\n<meta property=\"og:description\" content=\"Master Drilling Group Privacy Policy Master Drilling Group is committed to providing high-quality services while ensuring your privacy is protected. This policy outlines our obligations to you regarding the collection, use, and management of your Personal Information in accordance with global privacy standards and regulations. What is Personal Information and Why Do We Collect It? [&hellip;]\" \/>\n<meta property=\"og:url\" content=\"https:\/\/masterdrilling.com\/pt\/politica-de-privacidade\/\" \/>\n<meta property=\"og:site_name\" content=\"Master Drilling Group\" \/>\n<meta property=\"article:modified_time\" content=\"2025-01-24T06:49:57+00:00\" \/>\n<meta name=\"twitter:card\" content=\"summary_large_image\" \/>\n<meta name=\"twitter:label1\" content=\"Est. tempo de leitura\" \/>\n\t<meta name=\"twitter:data1\" content=\"3 minutos\" \/>\n<script type=\"application\/ld+json\" class=\"yoast-schema-graph\">{\"@context\":\"https:\/\/schema.org\",\"@graph\":[{\"@type\":\"WebPage\",\"@id\":\"https:\/\/masterdrilling.com\/privacy-policy\/\",\"url\":\"https:\/\/masterdrilling.com\/privacy-policy\/\",\"name\":\"Privacy Policy - Master Drilling Group\",\"isPartOf\":{\"@id\":\"https:\/\/masterdrilling.com\/#website\"},\"datePublished\":\"2023-07-04T16:02:16+00:00\",\"dateModified\":\"2025-01-24T06:49:57+00:00\",\"breadcrumb\":{\"@id\":\"https:\/\/masterdrilling.com\/privacy-policy\/#breadcrumb\"},\"inLanguage\":\"pt-BR\",\"potentialAction\":[{\"@type\":\"ReadAction\",\"target\":[\"https:\/\/masterdrilling.com\/privacy-policy\/\"]}]},{\"@type\":\"BreadcrumbList\",\"@id\":\"https:\/\/masterdrilling.com\/privacy-policy\/#breadcrumb\",\"itemListElement\":[{\"@type\":\"ListItem\",\"position\":1,\"name\":\"Home\",\"item\":\"https:\/\/masterdrilling.com\/\"},{\"@type\":\"ListItem\",\"position\":2,\"name\":\"Privacy Policy\"}]},{\"@type\":\"WebSite\",\"@id\":\"https:\/\/masterdrilling.com\/#website\",\"url\":\"https:\/\/masterdrilling.com\/\",\"name\":\"Master Drilling Group\",\"description\":\"Leveraging experience &amp; expertise to help businesses grow\",\"potentialAction\":[{\"@type\":\"SearchAction\",\"target\":{\"@type\":\"EntryPoint\",\"urlTemplate\":\"https:\/\/masterdrilling.com\/?s={search_term_string}\"},\"query-input\":{\"@type\":\"PropertyValueSpecification\",\"valueRequired\":true,\"valueName\":\"search_term_string\"}}],\"inLanguage\":\"pt-BR\"}]}<\/script>\n<!-- \/ Yoast SEO plugin. -->","yoast_head_json":{"title":"Pol\u00edtica de privacidade - Master Drilling Group","robots":{"index":"index","follow":"follow","max-snippet":"max-snippet:-1","max-image-preview":"max-image-preview:large","max-video-preview":"max-video-preview:-1"},"canonical":"https:\/\/masterdrilling.com\/pt\/politica-de-privacidade\/","og_locale":"pt_BR","og_type":"article","og_title":"Privacy Policy - Master Drilling Group","og_description":"Master Drilling Group Privacy Policy Master Drilling Group is committed to providing high-quality services while ensuring your privacy is protected. This policy outlines our obligations to you regarding the collection, use, and management of your Personal Information in accordance with global privacy standards and regulations. What is Personal Information and Why Do We Collect It? [&hellip;]","og_url":"https:\/\/masterdrilling.com\/pt\/politica-de-privacidade\/","og_site_name":"Master Drilling Group","article_modified_time":"2025-01-24T06:49:57+00:00","twitter_card":"summary_large_image","twitter_misc":{"Est. tempo de leitura":"3 minutos"},"schema":{"@context":"https:\/\/schema.org","@graph":[{"@type":"WebPage","@id":"https:\/\/masterdrilling.com\/privacy-policy\/","url":"https:\/\/masterdrilling.com\/privacy-policy\/","name":"Pol\u00edtica de privacidade - Master Drilling Group","isPartOf":{"@id":"https:\/\/masterdrilling.com\/#website"},"datePublished":"2023-07-04T16:02:16+00:00","dateModified":"2025-01-24T06:49:57+00:00","breadcrumb":{"@id":"https:\/\/masterdrilling.com\/privacy-policy\/#breadcrumb"},"inLanguage":"pt-BR","potentialAction":[{"@type":"ReadAction","target":["https:\/\/masterdrilling.com\/privacy-policy\/"]}]},{"@type":"BreadcrumbList","@id":"https:\/\/masterdrilling.com\/privacy-policy\/#breadcrumb","itemListElement":[{"@type":"ListItem","position":1,"name":"Home","item":"https:\/\/masterdrilling.com\/"},{"@type":"ListItem","position":2,"name":"Privacy Policy"}]},{"@type":"WebSite","@id":"https:\/\/masterdrilling.com\/#website","url":"https:\/\/masterdrilling.com\/","name":"Grupo Mestre de Perfura\u00e7\u00e3o","description":"Aproveitamento da experi\u00eancia e do conhecimento para ajudar as empresas a crescer","potentialAction":[{"@type":"SearchAction","target":{"@type":"EntryPoint","urlTemplate":"https:\/\/masterdrilling.com\/?s={search_term_string}"},"query-input":{"@type":"PropertyValueSpecification","valueRequired":true,"valueName":"search_term_string"}}],"inLanguage":"pt-BR"}]}},"_links":{"self":[{"href":"https:\/\/masterdrilling.com\/pt\/wp-json\/wp\/v2\/pages\/3","targetHints":{"allow":["GET"]}}],"collection":[{"href":"https:\/\/masterdrilling.com\/pt\/wp-json\/wp\/v2\/pages"}],"about":[{"href":"https:\/\/masterdrilling.com\/pt\/wp-json\/wp\/v2\/types\/page"}],"author":[{"embeddable":true,"href":"https:\/\/masterdrilling.com\/pt\/wp-json\/wp\/v2\/users\/11"}],"replies":[{"embeddable":true,"href":"https:\/\/masterdrilling.com\/pt\/wp-json\/wp\/v2\/comments?post=3"}],"version-history":[{"count":8,"href":"https:\/\/masterdrilling.com\/pt\/wp-json\/wp\/v2\/pages\/3\/revisions"}],"predecessor-version":[{"id":3628,"href":"https:\/\/masterdrilling.com\/pt\/wp-json\/wp\/v2\/pages\/3\/revisions\/3628"}],"wp:attachment":[{"href":"https:\/\/masterdrilling.com\/pt\/wp-json\/wp\/v2\/media?parent=3"}],"curies":[{"name":"wp","href":"https:\/\/api.w.org\/{rel}","templated":true}]}}