{"id":2507,"date":"2024-08-06T20:11:38","date_gmt":"2024-08-06T10:11:38","guid":{"rendered":"https:\/\/live.mdg.ionyx.agency\/?page_id=2507"},"modified":"2026-03-24T08:36:01","modified_gmt":"2026-03-23T22:36:01","slug":"anuncios-de-sensacoes","status":"publish","type":"page","link":"https:\/\/masterdrilling.com\/pt\/sens-announcements\/","title":{"rendered":"An\u00fancios SENS"},"content":{"rendered":"<div data-elementor-type=\"wp-page\" data-elementor-id=\"2507\" class=\"elementor elementor-2507\" data-elementor-post-type=\"page\">\n\t\t\t\t<div class=\"elementor-element elementor-element-b0f20a2 e-flex e-con-boxed e-con e-parent\" data-id=\"b0f20a2\" data-element_type=\"container\" data-e-type=\"container\" data-settings=\"{&quot;background_background&quot;:&quot;classic&quot;}\">\n\t\t\t\t\t<div class=\"e-con-inner\">\n\t\t<div class=\"elementor-element elementor-element-f4ce46e e-con-full e-flex e-con e-child\" data-id=\"f4ce46e\" data-element_type=\"container\" data-e-type=\"container\" data-settings=\"{&quot;background_background&quot;:&quot;classic&quot;}\">\n\t\t<div class=\"elementor-element elementor-element-875b478 e-con-full e-flex e-con e-child\" data-id=\"875b478\" data-element_type=\"container\" data-e-type=\"container\">\n\t\t\t\t<div class=\"elementor-element elementor-element-cb315d7 elementor-widget elementor-widget-text-editor\" data-id=\"cb315d7\" data-element_type=\"widget\" data-e-type=\"widget\" data-widget_type=\"text-editor.default\">\n\t\t\t\t<div class=\"elementor-widget-container\">\n\t\t\t\t\t\t\t\t\t<a href=\"https:\/\/masterdrilling.com\/pt\/\">Lar<\/a>\t\t\t\t\t\t\t\t<\/div>\n\t\t\t\t<\/div>\n\t\t\t\t<div class=\"elementor-element elementor-element-a51627d elementor-view-default elementor-widget elementor-widget-icon\" data-id=\"a51627d\" data-element_type=\"widget\" data-e-type=\"widget\" data-widget_type=\"icon.default\">\n\t\t\t\t<div class=\"elementor-widget-container\">\n\t\t\t\t\t\t\t<div class=\"elementor-icon-wrapper\">\n\t\t\t<div class=\"elementor-icon\">\n\t\t\t<svg aria-hidden=\"true\" class=\"e-font-icon-svg e-fas-angle-right\" viewbox=\"0 0 256 512\" xmlns=\"http:\/\/www.w3.org\/2000\/svg\"><path d=\"M224.3 273l-136 136c-9.4 9.4-24.6 9.4-33.9 0l-22.6-22.6c-9.4-9.4-9.4-24.6 0-33.9l96.4-96.4-96.4-96.4c-9.4-9.4-9.4-24.6 0-33.9L54.3 103c9.4-9.4 24.6-9.4 33.9 0l136 136c9.5 9.4 9.5 24.6.1 34z\"><\/path><\/svg>\t\t\t<\/div>\n\t\t<\/div>\n\t\t\t\t\t\t<\/div>\n\t\t\t\t<\/div>\n\t\t\t\t<div class=\"elementor-element elementor-element-9ead11e elementor-widget elementor-widget-text-editor\" data-id=\"9ead11e\" data-element_type=\"widget\" data-e-type=\"widget\" data-widget_type=\"text-editor.default\">\n\t\t\t\t<div class=\"elementor-widget-container\">\n\t\t\t\t\t\t\t\t\t<a href=\"https:\/\/masterdrilling.com\/pt\/investidores-e-midia\/\">Investidores e m\u00eddia<\/a>\t\t\t\t\t\t\t\t<\/div>\n\t\t\t\t<\/div>\n\t\t\t\t<\/div>\n\t\t\t\t<div class=\"elementor-element elementor-element-56737cd elementor-widget elementor-widget-heading\" data-id=\"56737cd\" data-element_type=\"widget\" data-e-type=\"widget\" data-widget_type=\"heading.default\">\n\t\t\t\t<div class=\"elementor-widget-container\">\n\t\t\t\t\t<h2 class=\"elementor-heading-title elementor-size-default\">An\u00fancios do SENS<\/h2>\t\t\t\t<\/div>\n\t\t\t\t<\/div>\n\t\t\t\t<div class=\"elementor-element elementor-element-13e6fdb elementor-widget elementor-widget-text-editor\" data-id=\"13e6fdb\" data-element_type=\"widget\" data-e-type=\"widget\" data-widget_type=\"text-editor.default\">\n\t\t\t\t<div class=\"elementor-widget-container\">\n\t\t\t\t\t\t\t\t\t<p><span style=\"white-space-collapse: preserve;\">Leia as \u00faltimas atualiza\u00e7\u00f5es da Master Drilling no Stock Exchange News Service (SENS).<\/span><\/p>\t\t\t\t\t\t\t\t<\/div>\n\t\t\t\t<\/div>\n\t\t\t\t<\/div>\n\t\t\t\t\t<\/div>\n\t\t\t\t<\/div>\n\t\t<div class=\"elementor-element elementor-element-d335f04 e-flex e-con-boxed e-con e-parent\" data-id=\"d335f04\" data-element_type=\"container\" data-e-type=\"container\">\n\t\t\t\t\t<div class=\"e-con-inner\">\n\t\t\t\t<div class=\"elementor-element elementor-element-51be909 elementor-widget__width-inherit elementor-widget elementor-widget-html\" data-id=\"51be909\" data-element_type=\"widget\" data-e-type=\"widget\" data-widget_type=\"html.default\">\n\t\t\t\t<div class=\"elementor-widget-container\">\n\t\t\t\t\t<iframe \n    src=\"https:\/\/irhosted.profiledata.co.za\/Masterdrilling\/2019_feeds\/n03_sens.aspx#\" \n    width=\"100%\" \n    height=\"600\" \n    style=\"border:none;\">\n<\/iframe>\n\t\t\t\t<\/div>\n\t\t\t\t<\/div>\n\t\t\t\t\t<\/div>\n\t\t\t\t<\/div>\n\t\t\t\t<\/div>","protected":false},"excerpt":{"rendered":"<p>Home Investidores e m\u00eddia An\u00fancios SENS Leia as \u00faltimas atualiza\u00e7\u00f5es da Master Drilling no Servi\u00e7o de Not\u00edcias da Bolsa de Valores (SENS).<\/p>","protected":false},"author":11,"featured_media":0,"parent":0,"menu_order":0,"comment_status":"closed","ping_status":"closed","template":"","meta":{"footnotes":""},"class_list":["post-2507","page","type-page","status-publish","hentry"],"yoast_head":"<!-- This site is optimized with the Yoast SEO plugin v27.3 - https:\/\/yoast.com\/product\/yoast-seo-wordpress\/ -->\n<title>SENS Announcements - Master Drilling Group<\/title>\n<meta name=\"robots\" content=\"index, follow, max-snippet:-1, max-image-preview:large, max-video-preview:-1\" \/>\n<link rel=\"canonical\" href=\"https:\/\/masterdrilling.com\/pt\/anuncios-de-sensacoes\/\" \/>\n<meta property=\"og:locale\" content=\"pt_BR\" \/>\n<meta property=\"og:type\" content=\"article\" \/>\n<meta property=\"og:title\" content=\"SENS Announcements - Master Drilling Group\" \/>\n<meta property=\"og:description\" content=\"Home Investors and media SENS Announcements\u200b Read the latest Master Drilling updates on the Stock Exchange News Service (SENS).\" \/>\n<meta property=\"og:url\" content=\"https:\/\/masterdrilling.com\/pt\/anuncios-de-sensacoes\/\" \/>\n<meta property=\"og:site_name\" content=\"Master Drilling Group\" \/>\n<meta property=\"article:modified_time\" content=\"2026-03-23T22:36:01+00:00\" \/>\n<meta name=\"twitter:card\" content=\"summary_large_image\" \/>\n<meta name=\"twitter:label1\" content=\"Est. tempo de leitura\" \/>\n\t<meta name=\"twitter:data1\" content=\"1 minuto\" \/>\n<script type=\"application\/ld+json\" class=\"yoast-schema-graph\">{\"@context\":\"https:\\\/\\\/schema.org\",\"@graph\":[{\"@type\":\"WebPage\",\"@id\":\"https:\\\/\\\/masterdrilling.com\\\/sens-announcements\\\/\",\"url\":\"https:\\\/\\\/masterdrilling.com\\\/sens-announcements\\\/\",\"name\":\"SENS Announcements - Master Drilling Group\",\"isPartOf\":{\"@id\":\"https:\\\/\\\/masterdrilling.com\\\/#website\"},\"datePublished\":\"2024-08-06T10:11:38+00:00\",\"dateModified\":\"2026-03-23T22:36:01+00:00\",\"breadcrumb\":{\"@id\":\"https:\\\/\\\/masterdrilling.com\\\/sens-announcements\\\/#breadcrumb\"},\"inLanguage\":\"pt-BR\",\"potentialAction\":[{\"@type\":\"ReadAction\",\"target\":[\"https:\\\/\\\/masterdrilling.com\\\/sens-announcements\\\/\"]}]},{\"@type\":\"BreadcrumbList\",\"@id\":\"https:\\\/\\\/masterdrilling.com\\\/sens-announcements\\\/#breadcrumb\",\"itemListElement\":[{\"@type\":\"ListItem\",\"position\":1,\"name\":\"Home\",\"item\":\"https:\\\/\\\/masterdrilling.com\\\/\"},{\"@type\":\"ListItem\",\"position\":2,\"name\":\"SENS Announcements\"}]},{\"@type\":\"WebSite\",\"@id\":\"https:\\\/\\\/masterdrilling.com\\\/#website\",\"url\":\"https:\\\/\\\/masterdrilling.com\\\/\",\"name\":\"Master Drilling Group\",\"description\":\"Leveraging experience &amp; expertise to help businesses grow\",\"potentialAction\":[{\"@type\":\"SearchAction\",\"target\":{\"@type\":\"EntryPoint\",\"urlTemplate\":\"https:\\\/\\\/masterdrilling.com\\\/?s={search_term_string}\"},\"query-input\":{\"@type\":\"PropertyValueSpecification\",\"valueRequired\":true,\"valueName\":\"search_term_string\"}}],\"inLanguage\":\"pt-BR\"}]}<\/script>\n<!-- \/ Yoast SEO plugin. -->","yoast_head_json":{"title":"An\u00fancios SENS - Grupo Master Drilling","robots":{"index":"index","follow":"follow","max-snippet":"max-snippet:-1","max-image-preview":"max-image-preview:large","max-video-preview":"max-video-preview:-1"},"canonical":"https:\/\/masterdrilling.com\/pt\/anuncios-de-sensacoes\/","og_locale":"pt_BR","og_type":"article","og_title":"SENS Announcements - Master Drilling Group","og_description":"Home Investors and media SENS Announcements\u200b Read the latest Master Drilling updates on the Stock Exchange News Service (SENS).","og_url":"https:\/\/masterdrilling.com\/pt\/anuncios-de-sensacoes\/","og_site_name":"Master Drilling Group","article_modified_time":"2026-03-23T22:36:01+00:00","twitter_card":"summary_large_image","twitter_misc":{"Est. tempo de leitura":"1 minuto"},"schema":{"@context":"https:\/\/schema.org","@graph":[{"@type":"WebPage","@id":"https:\/\/masterdrilling.com\/sens-announcements\/","url":"https:\/\/masterdrilling.com\/sens-announcements\/","name":"An\u00fancios SENS - Grupo Master Drilling","isPartOf":{"@id":"https:\/\/masterdrilling.com\/#website"},"datePublished":"2024-08-06T10:11:38+00:00","dateModified":"2026-03-23T22:36:01+00:00","breadcrumb":{"@id":"https:\/\/masterdrilling.com\/sens-announcements\/#breadcrumb"},"inLanguage":"pt-BR","potentialAction":[{"@type":"ReadAction","target":["https:\/\/masterdrilling.com\/sens-announcements\/"]}]},{"@type":"BreadcrumbList","@id":"https:\/\/masterdrilling.com\/sens-announcements\/#breadcrumb","itemListElement":[{"@type":"ListItem","position":1,"name":"Home","item":"https:\/\/masterdrilling.com\/"},{"@type":"ListItem","position":2,"name":"SENS Announcements"}]},{"@type":"WebSite","@id":"https:\/\/masterdrilling.com\/#website","url":"https:\/\/masterdrilling.com\/","name":"Grupo Mestre de Perfura\u00e7\u00e3o","description":"Aproveitamento da experi\u00eancia e do conhecimento para ajudar as empresas a crescer","potentialAction":[{"@type":"SearchAction","target":{"@type":"EntryPoint","urlTemplate":"https:\/\/masterdrilling.com\/?s={search_term_string}"},"query-input":{"@type":"PropertyValueSpecification","valueRequired":true,"valueName":"search_term_string"}}],"inLanguage":"pt-BR"}]}},"_links":{"self":[{"href":"https:\/\/masterdrilling.com\/pt\/wp-json\/wp\/v2\/pages\/2507","targetHints":{"allow":["GET"]}}],"collection":[{"href":"https:\/\/masterdrilling.com\/pt\/wp-json\/wp\/v2\/pages"}],"about":[{"href":"https:\/\/masterdrilling.com\/pt\/wp-json\/wp\/v2\/types\/page"}],"author":[{"embeddable":true,"href":"https:\/\/masterdrilling.com\/pt\/wp-json\/wp\/v2\/users\/11"}],"replies":[{"embeddable":true,"href":"https:\/\/masterdrilling.com\/pt\/wp-json\/wp\/v2\/comments?post=2507"}],"version-history":[{"count":11,"href":"https:\/\/masterdrilling.com\/pt\/wp-json\/wp\/v2\/pages\/2507\/revisions"}],"predecessor-version":[{"id":8692,"href":"https:\/\/masterdrilling.com\/pt\/wp-json\/wp\/v2\/pages\/2507\/revisions\/8692"}],"wp:attachment":[{"href":"https:\/\/masterdrilling.com\/pt\/wp-json\/wp\/v2\/media?parent=2507"}],"curies":[{"name":"wp","href":"https:\/\/api.w.org\/{rel}","templated":true}]}}