{"id":1551,"date":"2024-08-02T09:12:35","date_gmt":"2024-08-01T23:12:35","guid":{"rendered":"https:\/\/live.mdg.ionyx.agency\/?page_id=1551"},"modified":"2026-03-24T09:03:34","modified_gmt":"2026-03-23T23:03:34","slug":"nova-tecnologia","status":"publish","type":"page","link":"https:\/\/masterdrilling.com\/pt\/new-technology\/","title":{"rendered":"Nova tecnologia"},"content":{"rendered":"<div data-elementor-type=\"wp-page\" data-elementor-id=\"1551\" class=\"elementor elementor-1551\" data-elementor-post-type=\"page\">\n\t\t\t\t<div class=\"elementor-element elementor-element-b0dec9d e-flex e-con-boxed e-con e-parent\" data-id=\"b0dec9d\" data-element_type=\"container\" data-e-type=\"container\" data-settings=\"{&quot;background_background&quot;:&quot;classic&quot;}\">\n\t\t\t\t\t<div class=\"e-con-inner\">\n\t\t<div class=\"elementor-element elementor-element-0797ab0 e-con-full e-flex e-con e-child\" data-id=\"0797ab0\" data-element_type=\"container\" data-e-type=\"container\" data-settings=\"{&quot;background_background&quot;:&quot;classic&quot;}\">\n\t\t<div class=\"elementor-element elementor-element-0698425 e-con-full e-flex e-con e-child\" data-id=\"0698425\" data-element_type=\"container\" data-e-type=\"container\">\n\t\t\t\t<div class=\"elementor-element elementor-element-05ea591 elementor-widget elementor-widget-text-editor\" data-id=\"05ea591\" data-element_type=\"widget\" data-e-type=\"widget\" data-widget_type=\"text-editor.default\">\n\t\t\t\t<div class=\"elementor-widget-container\">\n\t\t\t\t\t\t\t\t\t<a href=\"https:\/\/masterdrilling.com\/pt\/\">Lar<\/a>\t\t\t\t\t\t\t\t<\/div>\n\t\t\t\t<\/div>\n\t\t\t\t<div class=\"elementor-element elementor-element-5fd6e4b elementor-view-default elementor-widget elementor-widget-icon\" data-id=\"5fd6e4b\" data-element_type=\"widget\" data-e-type=\"widget\" data-widget_type=\"icon.default\">\n\t\t\t\t<div class=\"elementor-widget-container\">\n\t\t\t\t\t\t\t<div class=\"elementor-icon-wrapper\">\n\t\t\t<div class=\"elementor-icon\">\n\t\t\t<svg aria-hidden=\"true\" class=\"e-font-icon-svg e-fas-chevron-right\" viewbox=\"0 0 320 512\" xmlns=\"http:\/\/www.w3.org\/2000\/svg\"><path d=\"M285.476 272.971L91.132 467.314c-9.373 9.373-24.569 9.373-33.941 0l-22.667-22.667c-9.357-9.357-9.375-24.522-.04-33.901L188.505 256 34.484 101.255c-9.335-9.379-9.317-24.544.04-33.901l22.667-22.667c9.373-9.373 24.569-9.373 33.941 0L285.475 239.03c9.373 9.372 9.373 24.568.001 33.941z\"><\/path><\/svg>\t\t\t<\/div>\n\t\t<\/div>\n\t\t\t\t\t\t<\/div>\n\t\t\t\t<\/div>\n\t\t\t\t<div class=\"elementor-element elementor-element-74f0ae5 elementor-widget elementor-widget-text-editor\" data-id=\"74f0ae5\" data-element_type=\"widget\" data-e-type=\"widget\" data-widget_type=\"text-editor.default\">\n\t\t\t\t<div class=\"elementor-widget-container\">\n\t\t\t\t\t\t\t\t\t<a href=\"https:\/\/masterdrilling.com\/pt\/quem-somos\/\">Quem somos<\/a>\t\t\t\t\t\t\t\t<\/div>\n\t\t\t\t<\/div>\n\t\t\t\t<\/div>\n\t\t\t\t<div class=\"elementor-element elementor-element-0b0997f elementor-widget elementor-widget-heading\" data-id=\"0b0997f\" data-element_type=\"widget\" data-e-type=\"widget\" data-widget_type=\"heading.default\">\n\t\t\t\t<div class=\"elementor-widget-container\">\n\t\t\t\t\t<h2 class=\"elementor-heading-title elementor-size-default\">Novas tecnologias<\/h2>\t\t\t\t<\/div>\n\t\t\t\t<\/div>\n\t\t\t\t<div class=\"elementor-element elementor-element-8ff88e9 elementor-widget elementor-widget-text-editor\" data-id=\"8ff88e9\" data-element_type=\"widget\" data-e-type=\"widget\" data-widget_type=\"text-editor.default\">\n\t\t\t\t<div class=\"elementor-widget-container\">\n\t\t\t\t\t\t\t\t\t<p class=\"p1\"><span class=\"s1\">Somos apaixonados por novos projetos e pela ado\u00e7\u00e3o de tecnologias inovadoras. Nossos engenheiros, especialistas em Pesquisa e Desenvolvimento, adoram desafios que estimulem sua criatividade. Entre em contato conosco e vamos discutir as poss\u00edveis solu\u00e7\u00f5es que podemos oferecer para os seus desafios.<\/span><\/p>\t\t\t\t\t\t\t\t<\/div>\n\t\t\t\t<\/div>\n\t\t\t\t<\/div>\n\t\t\t\t\t<\/div>\n\t\t\t\t<\/div>\n\t\t<div class=\"elementor-element elementor-element-da49b3b e-flex e-con-boxed e-con e-parent\" data-id=\"da49b3b\" data-element_type=\"container\" data-e-type=\"container\">\n\t\t\t\t\t<div class=\"e-con-inner\">\n\t\t<div class=\"elementor-element elementor-element-b4d13b0 e-grid e-con-full e-con e-child\" data-id=\"b4d13b0\" data-element_type=\"container\" data-e-type=\"container\">\n\t\t<div class=\"elementor-element elementor-element-866395d e-con-full e-flex e-con e-child\" data-id=\"866395d\" data-element_type=\"container\" data-e-type=\"container\">\n\t\t\t\t<div class=\"elementor-element elementor-element-5cd5f1a elementor-widget elementor-widget-image\" data-id=\"5cd5f1a\" data-element_type=\"widget\" data-e-type=\"widget\" data-widget_type=\"image.default\">\n\t\t\t\t<div class=\"elementor-widget-container\">\n\t\t\t\t\t\t\t\t\t\t\t\t\t\t\t<img fetchpriority=\"high\" decoding=\"async\" width=\"800\" height=\"534\" src=\"https:\/\/masterdrilling.com\/wp-content\/uploads\/2024\/08\/ad3a339687dc60c7898f5c7e82a5d27e-1024x683.png\" class=\"attachment-large size-large wp-image-1553\" alt=\"\" srcset=\"https:\/\/masterdrilling.com\/wp-content\/uploads\/2024\/08\/ad3a339687dc60c7898f5c7e82a5d27e-1024x683.png 1024w, https:\/\/masterdrilling.com\/wp-content\/uploads\/2024\/08\/ad3a339687dc60c7898f5c7e82a5d27e-300x200.png 300w, https:\/\/masterdrilling.com\/wp-content\/uploads\/2024\/08\/ad3a339687dc60c7898f5c7e82a5d27e-768x512.png 768w, https:\/\/masterdrilling.com\/wp-content\/uploads\/2024\/08\/ad3a339687dc60c7898f5c7e82a5d27e-1536x1024.png 1536w, https:\/\/masterdrilling.com\/wp-content\/uploads\/2024\/08\/ad3a339687dc60c7898f5c7e82a5d27e-2048x1366.png 2048w\" sizes=\"(max-width: 800px) 100vw, 800px\" \/>\t\t\t\t\t\t\t\t\t\t\t\t\t\t\t<\/div>\n\t\t\t\t<\/div>\n\t\t<div class=\"elementor-element elementor-element-9ae1c48 e-con-full e-flex e-con e-child\" data-id=\"9ae1c48\" data-element_type=\"container\" data-e-type=\"container\" data-settings=\"{&quot;background_background&quot;:&quot;classic&quot;}\">\n\t\t\t\t<div class=\"elementor-element elementor-element-d4dac02 elementor-widget elementor-widget-heading\" data-id=\"d4dac02\" data-element_type=\"widget\" data-e-type=\"widget\" data-widget_type=\"heading.default\">\n\t\t\t\t<div class=\"elementor-widget-container\">\n\t\t\t\t\t<h5 class=\"elementor-heading-title elementor-size-default\">T\u00faneis<\/h5>\t\t\t\t<\/div>\n\t\t\t\t<\/div>\n\t\t<a class=\"elementor-element elementor-element-3c2af03 e-con-full e-flex e-con e-child\" data-id=\"3c2af03\" data-element_type=\"container\" data-e-type=\"container\" href=\"https:\/\/masterdrilling.com\/pt\/services\/mobile-tunnel-borer\/\">\n\t\t\t\t<div class=\"elementor-element elementor-element-8676f29 elementor-widget elementor-widget-text-editor\" data-id=\"8676f29\" data-element_type=\"widget\" data-e-type=\"widget\" data-widget_type=\"text-editor.default\">\n\t\t\t\t<div class=\"elementor-widget-container\">\n\t\t\t\t\t\t\t\t\tSaber mais\t\t\t\t\t\t\t\t<\/div>\n\t\t\t\t<\/div>\n\t\t\t\t<div class=\"elementor-element elementor-element-a09ec30 elementor-view-default elementor-widget elementor-widget-icon\" data-id=\"a09ec30\" data-element_type=\"widget\" data-e-type=\"widget\" data-widget_type=\"icon.default\">\n\t\t\t\t<div class=\"elementor-widget-container\">\n\t\t\t\t\t\t\t<div class=\"elementor-icon-wrapper\">\n\t\t\t<div class=\"elementor-icon\">\n\t\t\t<svg aria-hidden=\"true\" class=\"e-font-icon-svg e-fas-chevron-right\" viewbox=\"0 0 320 512\" xmlns=\"http:\/\/www.w3.org\/2000\/svg\"><path d=\"M285.476 272.971L91.132 467.314c-9.373 9.373-24.569 9.373-33.941 0l-22.667-22.667c-9.357-9.357-9.375-24.522-.04-33.901L188.505 256 34.484 101.255c-9.335-9.379-9.317-24.544.04-33.901l22.667-22.667c9.373-9.373 24.569-9.373 33.941 0L285.475 239.03c9.373 9.372 9.373 24.568.001 33.941z\"><\/path><\/svg>\t\t\t<\/div>\n\t\t<\/div>\n\t\t\t\t\t\t<\/div>\n\t\t\t\t<\/div>\n\t\t\t\t<\/a>\n\t\t\t\t<\/div>\n\t\t\t\t<\/div>\n\t\t<div class=\"elementor-element elementor-element-5ff37ef e-con-full e-flex e-con e-child\" data-id=\"5ff37ef\" data-element_type=\"container\" data-e-type=\"container\">\n\t\t\t\t<div class=\"elementor-element elementor-element-dda58bd elementor-widget elementor-widget-image\" data-id=\"dda58bd\" data-element_type=\"widget\" data-e-type=\"widget\" data-widget_type=\"image.default\">\n\t\t\t\t<div class=\"elementor-widget-container\">\n\t\t\t\t\t\t\t\t\t\t\t\t\t\t\t<img decoding=\"async\" width=\"800\" height=\"449\" src=\"https:\/\/masterdrilling.com\/wp-content\/uploads\/2024\/09\/Edited_Master-Drilling-Master-Sinkers-SBS-10-05-2024_0726-1024x575.jpg\" class=\"attachment-large size-large wp-image-2924\" alt=\"Uma alta torre de treli\u00e7a de a\u00e7o est\u00e1 sobre uma funda\u00e7\u00e3o de concreto em uma \u00e1rea rural. A estrutura \u00e9 cercada por vegeta\u00e7\u00e3o esparsa e uma paisagem extensa que se estende at\u00e9 o horizonte. Pequenas estruturas e cont\u00eaineres de armazenamento est\u00e3o posicionados ao redor da base da torre.\" srcset=\"https:\/\/masterdrilling.com\/wp-content\/uploads\/2024\/09\/Edited_Master-Drilling-Master-Sinkers-SBS-10-05-2024_0726-1024x575.jpg 1024w, https:\/\/masterdrilling.com\/wp-content\/uploads\/2024\/09\/Edited_Master-Drilling-Master-Sinkers-SBS-10-05-2024_0726-300x168.jpg 300w, https:\/\/masterdrilling.com\/wp-content\/uploads\/2024\/09\/Edited_Master-Drilling-Master-Sinkers-SBS-10-05-2024_0726-768x431.jpg 768w, https:\/\/masterdrilling.com\/wp-content\/uploads\/2024\/09\/Edited_Master-Drilling-Master-Sinkers-SBS-10-05-2024_0726-1536x862.jpg 1536w, https:\/\/masterdrilling.com\/wp-content\/uploads\/2024\/09\/Edited_Master-Drilling-Master-Sinkers-SBS-10-05-2024_0726.jpg 1920w\" sizes=\"(max-width: 800px) 100vw, 800px\" \/>\t\t\t\t\t\t\t\t\t\t\t\t\t\t\t<\/div>\n\t\t\t\t<\/div>\n\t\t<div class=\"elementor-element elementor-element-0c18ff1 e-con-full e-flex e-con e-child\" data-id=\"0c18ff1\" data-element_type=\"container\" data-e-type=\"container\" data-settings=\"{&quot;background_background&quot;:&quot;classic&quot;}\">\n\t\t\t\t<div class=\"elementor-element elementor-element-61d4196 elementor-widget elementor-widget-heading\" data-id=\"61d4196\" data-element_type=\"widget\" data-e-type=\"widget\" data-widget_type=\"heading.default\">\n\t\t\t\t<div class=\"elementor-widget-container\">\n\t\t\t\t\t<h5 class=\"elementor-heading-title elementor-size-default\">Afundamento de eixo<\/h5>\t\t\t\t<\/div>\n\t\t\t\t<\/div>\n\t\t<a class=\"elementor-element elementor-element-ca6240b e-con-full e-flex e-con e-child\" data-id=\"ca6240b\" data-element_type=\"container\" data-e-type=\"container\" href=\"https:\/\/masterdrilling.com\/pt\/services\/shaft-boring-system\/\">\n\t\t\t\t<div class=\"elementor-element elementor-element-7015c01 elementor-widget elementor-widget-text-editor\" data-id=\"7015c01\" data-element_type=\"widget\" data-e-type=\"widget\" data-widget_type=\"text-editor.default\">\n\t\t\t\t<div class=\"elementor-widget-container\">\n\t\t\t\t\t\t\t\t\tSaber mais\t\t\t\t\t\t\t\t<\/div>\n\t\t\t\t<\/div>\n\t\t\t\t<div class=\"elementor-element elementor-element-6359a5b elementor-view-default elementor-widget elementor-widget-icon\" data-id=\"6359a5b\" data-element_type=\"widget\" data-e-type=\"widget\" data-widget_type=\"icon.default\">\n\t\t\t\t<div class=\"elementor-widget-container\">\n\t\t\t\t\t\t\t<div class=\"elementor-icon-wrapper\">\n\t\t\t<div class=\"elementor-icon\">\n\t\t\t<svg aria-hidden=\"true\" class=\"e-font-icon-svg e-fas-chevron-right\" viewbox=\"0 0 320 512\" xmlns=\"http:\/\/www.w3.org\/2000\/svg\"><path d=\"M285.476 272.971L91.132 467.314c-9.373 9.373-24.569 9.373-33.941 0l-22.667-22.667c-9.357-9.357-9.375-24.522-.04-33.901L188.505 256 34.484 101.255c-9.335-9.379-9.317-24.544.04-33.901l22.667-22.667c9.373-9.373 24.569-9.373 33.941 0L285.475 239.03c9.373 9.372 9.373 24.568.001 33.941z\"><\/path><\/svg>\t\t\t<\/div>\n\t\t<\/div>\n\t\t\t\t\t\t<\/div>\n\t\t\t\t<\/div>\n\t\t\t\t<\/a>\n\t\t\t\t<\/div>\n\t\t\t\t<\/div>\n\t\t<div class=\"elementor-element elementor-element-ee38a75 e-con-full e-flex e-con e-child\" data-id=\"ee38a75\" data-element_type=\"container\" data-e-type=\"container\">\n\t\t\t\t<div class=\"elementor-element elementor-element-5b50f7f elementor-widget elementor-widget-image\" data-id=\"5b50f7f\" data-element_type=\"widget\" data-e-type=\"widget\" data-widget_type=\"image.default\">\n\t\t\t\t<div class=\"elementor-widget-container\">\n\t\t\t\t\t\t\t\t\t\t\t\t\t\t\t<img decoding=\"async\" width=\"800\" height=\"600\" src=\"https:\/\/masterdrilling.com\/wp-content\/uploads\/2024\/08\/b959ddcc05ca7f1ce514d3f715850d15-1024x768.jpeg\" class=\"attachment-large size-large wp-image-1555\" alt=\"\" srcset=\"https:\/\/masterdrilling.com\/wp-content\/uploads\/2024\/08\/b959ddcc05ca7f1ce514d3f715850d15-1024x768.jpeg 1024w, https:\/\/masterdrilling.com\/wp-content\/uploads\/2024\/08\/b959ddcc05ca7f1ce514d3f715850d15-300x225.jpeg 300w, https:\/\/masterdrilling.com\/wp-content\/uploads\/2024\/08\/b959ddcc05ca7f1ce514d3f715850d15-768x576.jpeg 768w, https:\/\/masterdrilling.com\/wp-content\/uploads\/2024\/08\/b959ddcc05ca7f1ce514d3f715850d15-1536x1152.jpeg 1536w, https:\/\/masterdrilling.com\/wp-content\/uploads\/2024\/08\/b959ddcc05ca7f1ce514d3f715850d15-2048x1536.jpeg 2048w\" sizes=\"(max-width: 800px) 100vw, 800px\" \/>\t\t\t\t\t\t\t\t\t\t\t\t\t\t\t<\/div>\n\t\t\t\t<\/div>\n\t\t<div class=\"elementor-element elementor-element-1847a15 e-con-full e-flex e-con e-child\" data-id=\"1847a15\" data-element_type=\"container\" data-e-type=\"container\" data-settings=\"{&quot;background_background&quot;:&quot;classic&quot;}\">\n\t\t\t\t<div class=\"elementor-element elementor-element-7a07a87 elementor-widget elementor-widget-heading\" data-id=\"7a07a87\" data-element_type=\"widget\" data-e-type=\"widget\" data-widget_type=\"heading.default\">\n\t\t\t\t<div class=\"elementor-widget-container\">\n\t\t\t\t\t<h5 class=\"elementor-heading-title elementor-size-default\">Aborrecimento da produ\u00e7\u00e3o<\/h5>\t\t\t\t<\/div>\n\t\t\t\t<\/div>\n\t\t<a class=\"elementor-element elementor-element-ee7e596 e-con-full e-flex e-con e-child\" data-id=\"ee7e596\" data-element_type=\"container\" data-e-type=\"container\" href=\"https:\/\/masterdrilling.com\/pt\/services\/production-boring\/\">\n\t\t\t\t<div class=\"elementor-element elementor-element-da932c8 elementor-widget elementor-widget-text-editor\" data-id=\"da932c8\" data-element_type=\"widget\" data-e-type=\"widget\" data-widget_type=\"text-editor.default\">\n\t\t\t\t<div class=\"elementor-widget-container\">\n\t\t\t\t\t\t\t\t\tSaber mais\t\t\t\t\t\t\t\t<\/div>\n\t\t\t\t<\/div>\n\t\t\t\t<div class=\"elementor-element elementor-element-dd7ad3d elementor-view-default elementor-widget elementor-widget-icon\" data-id=\"dd7ad3d\" data-element_type=\"widget\" data-e-type=\"widget\" data-widget_type=\"icon.default\">\n\t\t\t\t<div class=\"elementor-widget-container\">\n\t\t\t\t\t\t\t<div class=\"elementor-icon-wrapper\">\n\t\t\t<div class=\"elementor-icon\">\n\t\t\t<svg aria-hidden=\"true\" class=\"e-font-icon-svg e-fas-chevron-right\" viewbox=\"0 0 320 512\" xmlns=\"http:\/\/www.w3.org\/2000\/svg\"><path d=\"M285.476 272.971L91.132 467.314c-9.373 9.373-24.569 9.373-33.941 0l-22.667-22.667c-9.357-9.357-9.375-24.522-.04-33.901L188.505 256 34.484 101.255c-9.335-9.379-9.317-24.544.04-33.901l22.667-22.667c9.373-9.373 24.569-9.373 33.941 0L285.475 239.03c9.373 9.372 9.373 24.568.001 33.941z\"><\/path><\/svg>\t\t\t<\/div>\n\t\t<\/div>\n\t\t\t\t\t\t<\/div>\n\t\t\t\t<\/div>\n\t\t\t\t<\/a>\n\t\t\t\t<\/div>\n\t\t\t\t<\/div>\n\t\t\t\t<\/div>\n\t\t\t\t\t<\/div>\n\t\t\t\t<\/div>\n\t\t<div class=\"elementor-element elementor-element-0ca46d4 e-flex e-con-boxed e-con e-parent\" data-id=\"0ca46d4\" data-element_type=\"container\" data-e-type=\"container\" data-settings=\"{&quot;background_background&quot;:&quot;gradient&quot;}\">\n\t\t\t\t\t<div class=\"e-con-inner\">\n\t\t<div class=\"elementor-element elementor-element-deddfc2 e-flex e-con-boxed e-con e-child\" data-id=\"deddfc2\" data-element_type=\"container\" data-e-type=\"container\">\n\t\t\t\t\t<div class=\"e-con-inner\">\n\t\t\t\t<div class=\"elementor-element elementor-element-edf4527 elementor-widget elementor-widget-heading\" data-id=\"edf4527\" data-element_type=\"widget\" data-e-type=\"widget\" data-widget_type=\"heading.default\">\n\t\t\t\t<div class=\"elementor-widget-container\">\n\t\t\t\t\t<h2 class=\"elementor-heading-title elementor-size-default\">Discuta seu projeto de pesquisa e desenvolvimento conosco<\/h2>\t\t\t\t<\/div>\n\t\t\t\t<\/div>\n\t\t\t\t<div class=\"elementor-element elementor-element-d98cd5d elementor-align-center button-primary elementor-widget elementor-widget-button\" data-id=\"d98cd5d\" data-element_type=\"widget\" data-e-type=\"widget\" data-widget_type=\"button.default\">\n\t\t\t\t<div class=\"elementor-widget-container\">\n\t\t\t\t\t\t\t\t\t<div class=\"elementor-button-wrapper\">\n\t\t\t\t\t<a class=\"elementor-button elementor-button-link elementor-size-sm\" href=\"https:\/\/masterdrilling.com\/pt\/contact-us\/\">\n\t\t\t\t\t\t<span class=\"elementor-button-content-wrapper\">\n\t\t\t\t\t\t\t\t\t<span class=\"elementor-button-text\">Come\u00e7ar<\/span>\n\t\t\t\t\t<\/span>\n\t\t\t\t\t<\/a>\n\t\t\t\t<\/div>\n\t\t\t\t\t\t\t\t<\/div>\n\t\t\t\t<\/div>\n\t\t\t\t\t<\/div>\n\t\t\t\t<\/div>\n\t\t\t\t\t<\/div>\n\t\t\t\t<\/div>\n\t\t\t\t<\/div>","protected":false},"excerpt":{"rendered":"<p>Home Who we are New Technologies\u200b We are enthusiastic about pursuing new projects and adopting innovative technologies. Our engineers, experts in Research and Development, enjoy challenges that fuel their creativity. Contact us and let\u2019s discuss the possible solutions we can provide for your challenges. Tunnelling Learn more Shaft Sinking\u200b Learn more Production Boring\u200b Learn more [&hellip;]<\/p>\n","protected":false},"author":11,"featured_media":0,"parent":0,"menu_order":0,"comment_status":"closed","ping_status":"closed","template":"","meta":{"footnotes":""},"class_list":["post-1551","page","type-page","status-publish","hentry"],"yoast_head":"<!-- This site is optimized with the Yoast SEO plugin v27.2 - https:\/\/yoast.com\/product\/yoast-seo-wordpress\/ -->\n<title>New technology - Master Drilling Group<\/title>\n<meta name=\"robots\" content=\"index, follow, max-snippet:-1, max-image-preview:large, max-video-preview:-1\" \/>\n<link rel=\"canonical\" href=\"https:\/\/masterdrilling.com\/pt\/nova-tecnologia\/\" \/>\n<meta property=\"og:locale\" content=\"pt_BR\" \/>\n<meta property=\"og:type\" content=\"article\" \/>\n<meta property=\"og:title\" content=\"New technology - Master Drilling Group\" \/>\n<meta property=\"og:description\" content=\"Home Who we are New Technologies\u200b We are enthusiastic about pursuing new projects and adopting innovative technologies. Our engineers, experts in Research and Development, enjoy challenges that fuel their creativity. Contact us and let\u2019s discuss the possible solutions we can provide for your challenges. Tunnelling Learn more Shaft Sinking\u200b Learn more Production Boring\u200b Learn more [&hellip;]\" \/>\n<meta property=\"og:url\" content=\"https:\/\/masterdrilling.com\/pt\/nova-tecnologia\/\" \/>\n<meta property=\"og:site_name\" content=\"Master Drilling Group\" \/>\n<meta property=\"article:modified_time\" content=\"2026-03-23T23:03:34+00:00\" \/>\n<meta property=\"og:image\" content=\"https:\/\/masterdrilling.com\/wp-content\/uploads\/2024\/08\/ad3a339687dc60c7898f5c7e82a5d27e-1024x683.png\" \/>\n\t<meta property=\"og:image:width\" content=\"1024\" \/>\n\t<meta property=\"og:image:height\" content=\"683\" \/>\n\t<meta property=\"og:image:type\" content=\"image\/png\" \/>\n<meta name=\"twitter:card\" content=\"summary_large_image\" \/>\n<meta name=\"twitter:label1\" content=\"Est. tempo de leitura\" \/>\n\t<meta name=\"twitter:data1\" content=\"1 minuto\" \/>\n<script type=\"application\/ld+json\" class=\"yoast-schema-graph\">{\"@context\":\"https:\/\/schema.org\",\"@graph\":[{\"@type\":\"WebPage\",\"@id\":\"https:\/\/masterdrilling.com\/new-technology\/\",\"url\":\"https:\/\/masterdrilling.com\/new-technology\/\",\"name\":\"New technology - Master Drilling Group\",\"isPartOf\":{\"@id\":\"https:\/\/masterdrilling.com\/#website\"},\"primaryImageOfPage\":{\"@id\":\"https:\/\/masterdrilling.com\/new-technology\/#primaryimage\"},\"image\":{\"@id\":\"https:\/\/masterdrilling.com\/new-technology\/#primaryimage\"},\"thumbnailUrl\":\"https:\/\/masterdrilling.com\/wp-content\/uploads\/2024\/08\/ad3a339687dc60c7898f5c7e82a5d27e-1024x683.png\",\"datePublished\":\"2024-08-01T23:12:35+00:00\",\"dateModified\":\"2026-03-23T23:03:34+00:00\",\"breadcrumb\":{\"@id\":\"https:\/\/masterdrilling.com\/new-technology\/#breadcrumb\"},\"inLanguage\":\"pt-BR\",\"potentialAction\":[{\"@type\":\"ReadAction\",\"target\":[\"https:\/\/masterdrilling.com\/new-technology\/\"]}]},{\"@type\":\"ImageObject\",\"inLanguage\":\"pt-BR\",\"@id\":\"https:\/\/masterdrilling.com\/new-technology\/#primaryimage\",\"url\":\"https:\/\/masterdrilling.com\/wp-content\/uploads\/2024\/08\/ad3a339687dc60c7898f5c7e82a5d27e-1024x683.png\",\"contentUrl\":\"https:\/\/masterdrilling.com\/wp-content\/uploads\/2024\/08\/ad3a339687dc60c7898f5c7e82a5d27e-1024x683.png\"},{\"@type\":\"BreadcrumbList\",\"@id\":\"https:\/\/masterdrilling.com\/new-technology\/#breadcrumb\",\"itemListElement\":[{\"@type\":\"ListItem\",\"position\":1,\"name\":\"Home\",\"item\":\"https:\/\/masterdrilling.com\/\"},{\"@type\":\"ListItem\",\"position\":2,\"name\":\"New technology\"}]},{\"@type\":\"WebSite\",\"@id\":\"https:\/\/masterdrilling.com\/#website\",\"url\":\"https:\/\/masterdrilling.com\/\",\"name\":\"Master Drilling Group\",\"description\":\"Leveraging experience &amp; expertise to help businesses grow\",\"potentialAction\":[{\"@type\":\"SearchAction\",\"target\":{\"@type\":\"EntryPoint\",\"urlTemplate\":\"https:\/\/masterdrilling.com\/?s={search_term_string}\"},\"query-input\":{\"@type\":\"PropertyValueSpecification\",\"valueRequired\":true,\"valueName\":\"search_term_string\"}}],\"inLanguage\":\"pt-BR\"}]}<\/script>\n<!-- \/ Yoast SEO plugin. -->","yoast_head_json":{"title":"Nova tecnologia - Master Drilling Group","robots":{"index":"index","follow":"follow","max-snippet":"max-snippet:-1","max-image-preview":"max-image-preview:large","max-video-preview":"max-video-preview:-1"},"canonical":"https:\/\/masterdrilling.com\/pt\/nova-tecnologia\/","og_locale":"pt_BR","og_type":"article","og_title":"New technology - Master Drilling Group","og_description":"Home Who we are New Technologies\u200b We are enthusiastic about pursuing new projects and adopting innovative technologies. Our engineers, experts in Research and Development, enjoy challenges that fuel their creativity. Contact us and let\u2019s discuss the possible solutions we can provide for your challenges. Tunnelling Learn more Shaft Sinking\u200b Learn more Production Boring\u200b Learn more [&hellip;]","og_url":"https:\/\/masterdrilling.com\/pt\/nova-tecnologia\/","og_site_name":"Master Drilling Group","article_modified_time":"2026-03-23T23:03:34+00:00","og_image":[{"width":1024,"height":683,"url":"https:\/\/masterdrilling.com\/wp-content\/uploads\/2024\/08\/ad3a339687dc60c7898f5c7e82a5d27e-1024x683.png","type":"image\/png"}],"twitter_card":"summary_large_image","twitter_misc":{"Est. tempo de leitura":"1 minuto"},"schema":{"@context":"https:\/\/schema.org","@graph":[{"@type":"WebPage","@id":"https:\/\/masterdrilling.com\/new-technology\/","url":"https:\/\/masterdrilling.com\/new-technology\/","name":"Nova tecnologia - Master Drilling Group","isPartOf":{"@id":"https:\/\/masterdrilling.com\/#website"},"primaryImageOfPage":{"@id":"https:\/\/masterdrilling.com\/new-technology\/#primaryimage"},"image":{"@id":"https:\/\/masterdrilling.com\/new-technology\/#primaryimage"},"thumbnailUrl":"https:\/\/masterdrilling.com\/wp-content\/uploads\/2024\/08\/ad3a339687dc60c7898f5c7e82a5d27e-1024x683.png","datePublished":"2024-08-01T23:12:35+00:00","dateModified":"2026-03-23T23:03:34+00:00","breadcrumb":{"@id":"https:\/\/masterdrilling.com\/new-technology\/#breadcrumb"},"inLanguage":"pt-BR","potentialAction":[{"@type":"ReadAction","target":["https:\/\/masterdrilling.com\/new-technology\/"]}]},{"@type":"ImageObject","inLanguage":"pt-BR","@id":"https:\/\/masterdrilling.com\/new-technology\/#primaryimage","url":"https:\/\/masterdrilling.com\/wp-content\/uploads\/2024\/08\/ad3a339687dc60c7898f5c7e82a5d27e-1024x683.png","contentUrl":"https:\/\/masterdrilling.com\/wp-content\/uploads\/2024\/08\/ad3a339687dc60c7898f5c7e82a5d27e-1024x683.png"},{"@type":"BreadcrumbList","@id":"https:\/\/masterdrilling.com\/new-technology\/#breadcrumb","itemListElement":[{"@type":"ListItem","position":1,"name":"Home","item":"https:\/\/masterdrilling.com\/"},{"@type":"ListItem","position":2,"name":"New technology"}]},{"@type":"WebSite","@id":"https:\/\/masterdrilling.com\/#website","url":"https:\/\/masterdrilling.com\/","name":"Grupo Mestre de Perfura\u00e7\u00e3o","description":"Aproveitamento da experi\u00eancia e do conhecimento para ajudar as empresas a crescer","potentialAction":[{"@type":"SearchAction","target":{"@type":"EntryPoint","urlTemplate":"https:\/\/masterdrilling.com\/?s={search_term_string}"},"query-input":{"@type":"PropertyValueSpecification","valueRequired":true,"valueName":"search_term_string"}}],"inLanguage":"pt-BR"}]}},"_links":{"self":[{"href":"https:\/\/masterdrilling.com\/pt\/wp-json\/wp\/v2\/pages\/1551","targetHints":{"allow":["GET"]}}],"collection":[{"href":"https:\/\/masterdrilling.com\/pt\/wp-json\/wp\/v2\/pages"}],"about":[{"href":"https:\/\/masterdrilling.com\/pt\/wp-json\/wp\/v2\/types\/page"}],"author":[{"embeddable":true,"href":"https:\/\/masterdrilling.com\/pt\/wp-json\/wp\/v2\/users\/11"}],"replies":[{"embeddable":true,"href":"https:\/\/masterdrilling.com\/pt\/wp-json\/wp\/v2\/comments?post=1551"}],"version-history":[{"count":11,"href":"https:\/\/masterdrilling.com\/pt\/wp-json\/wp\/v2\/pages\/1551\/revisions"}],"predecessor-version":[{"id":8734,"href":"https:\/\/masterdrilling.com\/pt\/wp-json\/wp\/v2\/pages\/1551\/revisions\/8734"}],"wp:attachment":[{"href":"https:\/\/masterdrilling.com\/pt\/wp-json\/wp\/v2\/media?parent=1551"}],"curies":[{"name":"wp","href":"https:\/\/api.w.org\/{rel}","templated":true}]}}