{"id":1536,"date":"2024-08-02T09:05:43","date_gmt":"2024-08-01T23:05:43","guid":{"rendered":"https:\/\/live.mdg.ionyx.agency\/?page_id=1536"},"modified":"2026-03-24T09:04:21","modified_gmt":"2026-03-23T23:04:21","slug":"servicos-de-mineracao","status":"publish","type":"page","link":"https:\/\/masterdrilling.com\/pt\/mining-services\/","title":{"rendered":"Servi\u00e7os de minera\u00e7\u00e3o"},"content":{"rendered":"<div data-elementor-type=\"wp-page\" data-elementor-id=\"1536\" class=\"elementor elementor-1536\" data-elementor-post-type=\"page\">\n\t\t\t\t<div class=\"elementor-element elementor-element-b0dec9d e-flex e-con-boxed e-con e-parent\" data-id=\"b0dec9d\" data-element_type=\"container\" data-e-type=\"container\" data-settings=\"{&quot;background_background&quot;:&quot;classic&quot;}\">\n\t\t\t\t\t<div class=\"e-con-inner\">\n\t\t<div class=\"elementor-element elementor-element-0797ab0 e-con-full e-flex e-con e-child\" data-id=\"0797ab0\" data-element_type=\"container\" data-e-type=\"container\" data-settings=\"{&quot;background_background&quot;:&quot;classic&quot;}\">\n\t\t<div class=\"elementor-element elementor-element-f28d777 e-con-full e-flex e-con e-child\" data-id=\"f28d777\" data-element_type=\"container\" data-e-type=\"container\">\n\t\t\t\t<div class=\"elementor-element elementor-element-6d7cea5 elementor-widget elementor-widget-text-editor\" data-id=\"6d7cea5\" data-element_type=\"widget\" data-e-type=\"widget\" data-widget_type=\"text-editor.default\">\n\t\t\t\t<div class=\"elementor-widget-container\">\n\t\t\t\t\t\t\t\t\t<a href=\"https:\/\/masterdrilling.com\/pt\/\">Lar<\/a>\t\t\t\t\t\t\t\t<\/div>\n\t\t\t\t<\/div>\n\t\t\t\t<div class=\"elementor-element elementor-element-115f2f1 elementor-view-default elementor-widget elementor-widget-icon\" data-id=\"115f2f1\" data-element_type=\"widget\" data-e-type=\"widget\" data-widget_type=\"icon.default\">\n\t\t\t\t<div class=\"elementor-widget-container\">\n\t\t\t\t\t\t\t<div class=\"elementor-icon-wrapper\">\n\t\t\t<div class=\"elementor-icon\">\n\t\t\t<svg aria-hidden=\"true\" class=\"e-font-icon-svg e-fas-chevron-right\" viewbox=\"0 0 320 512\" xmlns=\"http:\/\/www.w3.org\/2000\/svg\"><path d=\"M285.476 272.971L91.132 467.314c-9.373 9.373-24.569 9.373-33.941 0l-22.667-22.667c-9.357-9.357-9.375-24.522-.04-33.901L188.505 256 34.484 101.255c-9.335-9.379-9.317-24.544.04-33.901l22.667-22.667c9.373-9.373 24.569-9.373 33.941 0L285.475 239.03c9.373 9.372 9.373 24.568.001 33.941z\"><\/path><\/svg>\t\t\t<\/div>\n\t\t<\/div>\n\t\t\t\t\t\t<\/div>\n\t\t\t\t<\/div>\n\t\t\t\t<div class=\"elementor-element elementor-element-bb57e78 elementor-widget elementor-widget-text-editor\" data-id=\"bb57e78\" data-element_type=\"widget\" data-e-type=\"widget\" data-widget_type=\"text-editor.default\">\n\t\t\t\t<div class=\"elementor-widget-container\">\n\t\t\t\t\t\t\t\t\t<a href=\"https:\/\/masterdrilling.com\/pt\/o-que-fazemos\/\">O que fazemos<\/a>\t\t\t\t\t\t\t\t<\/div>\n\t\t\t\t<\/div>\n\t\t\t\t<\/div>\n\t\t\t\t<div class=\"elementor-element elementor-element-0b0997f elementor-widget elementor-widget-heading\" data-id=\"0b0997f\" data-element_type=\"widget\" data-e-type=\"widget\" data-widget_type=\"heading.default\">\n\t\t\t\t<div class=\"elementor-widget-container\">\n\t\t\t\t\t<h2 class=\"elementor-heading-title elementor-size-default\">Servi\u00e7os de minera\u00e7\u00e3o<\/h2>\t\t\t\t<\/div>\n\t\t\t\t<\/div>\n\t\t\t\t<div class=\"elementor-element elementor-element-8ff88e9 elementor-widget elementor-widget-text-editor\" data-id=\"8ff88e9\" data-element_type=\"widget\" data-e-type=\"widget\" data-widget_type=\"text-editor.default\">\n\t\t\t\t<div class=\"elementor-widget-container\">\n\t\t\t\t\t\t\t\t\t<p>Para complementar nosso portf\u00f3lio de servi\u00e7os e fornecer uma solu\u00e7\u00e3o mais abrangente para a ind\u00fastria de minera\u00e7\u00e3o, investimos em aquisi\u00e7\u00f5es relacionadas a tecnologia, seguran\u00e7a e gerenciamento de dados. Essas adi\u00e7\u00f5es estrat\u00e9gicas nos posicionaram como um fornecedor l\u00edder de servi\u00e7os de minera\u00e7\u00e3o de ponta a ponta.<\/p>\t\t\t\t\t\t\t\t<\/div>\n\t\t\t\t<\/div>\n\t\t\t\t<\/div>\n\t\t\t\t\t<\/div>\n\t\t\t\t<\/div>\n\t\t<div class=\"elementor-element elementor-element-da49b3b e-flex e-con-boxed e-con e-parent\" data-id=\"da49b3b\" data-element_type=\"container\" data-e-type=\"container\">\n\t\t\t\t\t<div class=\"e-con-inner\">\n\t\t<div class=\"elementor-element elementor-element-b4d13b0 e-grid e-con-full e-con e-child\" data-id=\"b4d13b0\" data-element_type=\"container\" data-e-type=\"container\">\n\t\t<div class=\"elementor-element elementor-element-866395d e-con-full e-flex e-con e-child\" data-id=\"866395d\" data-element_type=\"container\" data-e-type=\"container\">\n\t\t\t\t<div class=\"elementor-element elementor-element-5cd5f1a elementor-widget elementor-widget-image\" data-id=\"5cd5f1a\" data-element_type=\"widget\" data-e-type=\"widget\" data-widget_type=\"image.default\">\n\t\t\t\t<div class=\"elementor-widget-container\">\n\t\t\t\t\t\t\t\t\t\t\t\t\t\t\t<img fetchpriority=\"high\" decoding=\"async\" width=\"800\" height=\"427\" src=\"https:\/\/masterdrilling.com\/wp-content\/uploads\/2024\/09\/E9ahmiKVOcQqppbH.webp\" class=\"attachment-large size-large wp-image-2983\" alt=\"Um trabalhador com equipamento de prote\u00e7\u00e3o azul e capacete branco opera um equipamento em um ambiente industrial. O texto &quot;A&amp;R Group Safety Through Innovation&quot; e um logotipo estilizado s\u00e3o sobrepostos \u00e0 imagem.\" srcset=\"https:\/\/masterdrilling.com\/wp-content\/uploads\/2024\/09\/E9ahmiKVOcQqppbH.webp 800w, https:\/\/masterdrilling.com\/wp-content\/uploads\/2024\/09\/E9ahmiKVOcQqppbH-300x160.webp 300w, https:\/\/masterdrilling.com\/wp-content\/uploads\/2024\/09\/E9ahmiKVOcQqppbH-768x410.webp 768w\" sizes=\"(max-width: 800px) 100vw, 800px\" \/>\t\t\t\t\t\t\t\t\t\t\t\t\t\t\t<\/div>\n\t\t\t\t<\/div>\n\t\t<div class=\"elementor-element elementor-element-9ae1c48 e-con-full e-flex e-con e-child\" data-id=\"9ae1c48\" data-element_type=\"container\" data-e-type=\"container\" data-settings=\"{&quot;background_background&quot;:&quot;classic&quot;}\">\n\t\t\t\t<div class=\"elementor-element elementor-element-d4dac02 elementor-widget elementor-widget-heading\" data-id=\"d4dac02\" data-element_type=\"widget\" data-e-type=\"widget\" data-widget_type=\"heading.default\">\n\t\t\t\t<div class=\"elementor-widget-container\">\n\t\t\t\t\t<h5 class=\"elementor-heading-title elementor-size-default\">Grupo A&amp;R<\/h5>\t\t\t\t<\/div>\n\t\t\t\t<\/div>\n\t\t<a class=\"elementor-element elementor-element-3c2af03 e-con-full e-flex e-con e-child\" data-id=\"3c2af03\" data-element_type=\"container\" data-e-type=\"container\" href=\"https:\/\/masterdrilling.com\/pt\/services\/abandonment-and-rehabilitation\/\">\n\t\t\t\t<div class=\"elementor-element elementor-element-8676f29 elementor-widget elementor-widget-text-editor\" data-id=\"8676f29\" data-element_type=\"widget\" data-e-type=\"widget\" data-widget_type=\"text-editor.default\">\n\t\t\t\t<div class=\"elementor-widget-container\">\n\t\t\t\t\t\t\t\t\tSaber mais\t\t\t\t\t\t\t\t<\/div>\n\t\t\t\t<\/div>\n\t\t\t\t<div class=\"elementor-element elementor-element-a09ec30 elementor-view-default elementor-widget elementor-widget-icon\" data-id=\"a09ec30\" data-element_type=\"widget\" data-e-type=\"widget\" data-widget_type=\"icon.default\">\n\t\t\t\t<div class=\"elementor-widget-container\">\n\t\t\t\t\t\t\t<div class=\"elementor-icon-wrapper\">\n\t\t\t<div class=\"elementor-icon\">\n\t\t\t<svg aria-hidden=\"true\" class=\"e-font-icon-svg e-fas-chevron-right\" viewbox=\"0 0 320 512\" xmlns=\"http:\/\/www.w3.org\/2000\/svg\"><path d=\"M285.476 272.971L91.132 467.314c-9.373 9.373-24.569 9.373-33.941 0l-22.667-22.667c-9.357-9.357-9.375-24.522-.04-33.901L188.505 256 34.484 101.255c-9.335-9.379-9.317-24.544.04-33.901l22.667-22.667c9.373-9.373 24.569-9.373 33.941 0L285.475 239.03c9.373 9.372 9.373 24.568.001 33.941z\"><\/path><\/svg>\t\t\t<\/div>\n\t\t<\/div>\n\t\t\t\t\t\t<\/div>\n\t\t\t\t<\/div>\n\t\t\t\t<\/a>\n\t\t\t\t<\/div>\n\t\t\t\t<\/div>\n\t\t<div class=\"elementor-element elementor-element-ee38a75 e-con-full e-flex e-con e-child\" data-id=\"ee38a75\" data-element_type=\"container\" data-e-type=\"container\">\n\t\t\t\t<div class=\"elementor-element elementor-element-5b50f7f elementor-widget elementor-widget-image\" data-id=\"5b50f7f\" data-element_type=\"widget\" data-e-type=\"widget\" data-widget_type=\"image.default\">\n\t\t\t\t<div class=\"elementor-widget-container\">\n\t\t\t\t\t\t\t\t\t\t\t\t\t\t\t<img decoding=\"async\" width=\"800\" height=\"450\" src=\"https:\/\/masterdrilling.com\/wp-content\/uploads\/2024\/12\/AVA-Data-Driven-1024x576.png\" class=\"attachment-large size-large wp-image-3145\" alt=\"\" srcset=\"https:\/\/masterdrilling.com\/wp-content\/uploads\/2024\/12\/AVA-Data-Driven-1024x576.png 1024w, https:\/\/masterdrilling.com\/wp-content\/uploads\/2024\/12\/AVA-Data-Driven-300x169.png 300w, https:\/\/masterdrilling.com\/wp-content\/uploads\/2024\/12\/AVA-Data-Driven-768x432.png 768w, https:\/\/masterdrilling.com\/wp-content\/uploads\/2024\/12\/AVA-Data-Driven-1536x864.png 1536w, https:\/\/masterdrilling.com\/wp-content\/uploads\/2024\/12\/AVA-Data-Driven-2048x1152.png 2048w\" sizes=\"(max-width: 800px) 100vw, 800px\" \/>\t\t\t\t\t\t\t\t\t\t\t\t\t\t\t<\/div>\n\t\t\t\t<\/div>\n\t\t<div class=\"elementor-element elementor-element-1847a15 e-con-full e-flex e-con e-child\" data-id=\"1847a15\" data-element_type=\"container\" data-e-type=\"container\" data-settings=\"{&quot;background_background&quot;:&quot;classic&quot;}\">\n\t\t\t\t<div class=\"elementor-element elementor-element-7a07a87 elementor-widget elementor-widget-heading\" data-id=\"7a07a87\" data-element_type=\"widget\" data-e-type=\"widget\" data-widget_type=\"heading.default\">\n\t\t\t\t<div class=\"elementor-widget-container\">\n\t\t\t\t\t<h5 class=\"elementor-heading-title elementor-size-default\">An\u00e1lise Aplicada de Ve\u00edculos (AVA)<\/h5>\t\t\t\t<\/div>\n\t\t\t\t<\/div>\n\t\t<a class=\"elementor-element elementor-element-b3ecfa4 e-con-full e-flex e-con e-child\" data-id=\"b3ecfa4\" data-element_type=\"container\" data-e-type=\"container\" href=\"https:\/\/masterdrilling.com\/pt\/services\/applied-vehicle-analysis\/\">\n\t\t\t\t<div class=\"elementor-element elementor-element-cad2173 elementor-widget elementor-widget-text-editor\" data-id=\"cad2173\" data-element_type=\"widget\" data-e-type=\"widget\" data-widget_type=\"text-editor.default\">\n\t\t\t\t<div class=\"elementor-widget-container\">\n\t\t\t\t\t\t\t\t\tSaber mais\t\t\t\t\t\t\t\t<\/div>\n\t\t\t\t<\/div>\n\t\t\t\t<div class=\"elementor-element elementor-element-20ca26b elementor-view-default elementor-widget elementor-widget-icon\" data-id=\"20ca26b\" data-element_type=\"widget\" data-e-type=\"widget\" data-widget_type=\"icon.default\">\n\t\t\t\t<div class=\"elementor-widget-container\">\n\t\t\t\t\t\t\t<div class=\"elementor-icon-wrapper\">\n\t\t\t<div class=\"elementor-icon\">\n\t\t\t<svg aria-hidden=\"true\" class=\"e-font-icon-svg e-fas-chevron-right\" viewbox=\"0 0 320 512\" xmlns=\"http:\/\/www.w3.org\/2000\/svg\"><path d=\"M285.476 272.971L91.132 467.314c-9.373 9.373-24.569 9.373-33.941 0l-22.667-22.667c-9.357-9.357-9.375-24.522-.04-33.901L188.505 256 34.484 101.255c-9.335-9.379-9.317-24.544.04-33.901l22.667-22.667c9.373-9.373 24.569-9.373 33.941 0L285.475 239.03c9.373 9.372 9.373 24.568.001 33.941z\"><\/path><\/svg>\t\t\t<\/div>\n\t\t<\/div>\n\t\t\t\t\t\t<\/div>\n\t\t\t\t<\/div>\n\t\t\t\t<\/a>\n\t\t\t\t<\/div>\n\t\t\t\t<\/div>\n\t\t\t\t<\/div>\n\t\t\t\t\t<\/div>\n\t\t\t\t<\/div>\n\t\t<div class=\"elementor-element elementor-element-ba4fcd9 e-flex e-con-boxed e-con e-parent\" data-id=\"ba4fcd9\" data-element_type=\"container\" data-e-type=\"container\" data-settings=\"{&quot;background_background&quot;:&quot;gradient&quot;}\">\n\t\t\t\t\t<div class=\"e-con-inner\">\n\t\t<div class=\"elementor-element elementor-element-9b24cbd e-flex e-con-boxed e-con e-child\" data-id=\"9b24cbd\" data-element_type=\"container\" data-e-type=\"container\">\n\t\t\t\t\t<div class=\"e-con-inner\">\n\t\t\t\t<div class=\"elementor-element elementor-element-dac7a9f elementor-widget elementor-widget-heading\" data-id=\"dac7a9f\" data-element_type=\"widget\" data-e-type=\"widget\" data-widget_type=\"heading.default\">\n\t\t\t\t<div class=\"elementor-widget-container\">\n\t\t\t\t\t<h2 class=\"elementor-heading-title elementor-size-default\">Discuta seu projeto de servi\u00e7os de minera\u00e7\u00e3o conosco<\/h2>\t\t\t\t<\/div>\n\t\t\t\t<\/div>\n\t\t\t\t<div class=\"elementor-element elementor-element-76529c6 elementor-align-center button-primary elementor-widget elementor-widget-button\" data-id=\"76529c6\" data-element_type=\"widget\" data-e-type=\"widget\" data-widget_type=\"button.default\">\n\t\t\t\t<div class=\"elementor-widget-container\">\n\t\t\t\t\t\t\t\t\t<div class=\"elementor-button-wrapper\">\n\t\t\t\t\t<a class=\"elementor-button elementor-button-link elementor-size-sm\" href=\"https:\/\/masterdrilling.com\/pt\/contact-us\/\">\n\t\t\t\t\t\t<span class=\"elementor-button-content-wrapper\">\n\t\t\t\t\t\t\t\t\t<span class=\"elementor-button-text\">Come\u00e7ar<\/span>\n\t\t\t\t\t<\/span>\n\t\t\t\t\t<\/a>\n\t\t\t\t<\/div>\n\t\t\t\t\t\t\t\t<\/div>\n\t\t\t\t<\/div>\n\t\t\t\t\t<\/div>\n\t\t\t\t<\/div>\n\t\t\t\t\t<\/div>\n\t\t\t\t<\/div>\n\t\t\t\t<\/div>","protected":false},"excerpt":{"rendered":"<p>Home What we do Mining Services\u200b To round out our service portfolio and provide a more comprehensive solution to the mining industry, we have invested in acquisitions related to technology, safety, and data management. These strategic additions have positioned us as a leading provider of end-to-end mining services A&amp;R Group Learn more Applied Vehicle Analysis [&hellip;]<\/p>\n","protected":false},"author":11,"featured_media":0,"parent":0,"menu_order":0,"comment_status":"closed","ping_status":"closed","template":"","meta":{"footnotes":""},"class_list":["post-1536","page","type-page","status-publish","hentry"],"yoast_head":"<!-- This site is optimized with the Yoast SEO plugin v27.2 - https:\/\/yoast.com\/product\/yoast-seo-wordpress\/ -->\n<title>Mining services - Master Drilling Group<\/title>\n<meta name=\"robots\" content=\"index, follow, max-snippet:-1, max-image-preview:large, max-video-preview:-1\" \/>\n<link rel=\"canonical\" href=\"https:\/\/masterdrilling.com\/pt\/servicos-de-mineracao\/\" \/>\n<meta property=\"og:locale\" content=\"pt_BR\" \/>\n<meta property=\"og:type\" content=\"article\" \/>\n<meta property=\"og:title\" content=\"Mining services - Master Drilling Group\" \/>\n<meta property=\"og:description\" content=\"Home What we do Mining Services\u200b To round out our service portfolio and provide a more comprehensive solution to the mining industry, we have invested in acquisitions related to technology, safety, and data management. These strategic additions have positioned us as a leading provider of end-to-end mining services A&amp;R Group Learn more Applied Vehicle Analysis [&hellip;]\" \/>\n<meta property=\"og:url\" content=\"https:\/\/masterdrilling.com\/pt\/servicos-de-mineracao\/\" \/>\n<meta property=\"og:site_name\" content=\"Master Drilling Group\" \/>\n<meta property=\"article:modified_time\" content=\"2026-03-23T23:04:21+00:00\" \/>\n<meta property=\"og:image\" content=\"https:\/\/masterdrilling.com\/wp-content\/uploads\/2024\/09\/E9ahmiKVOcQqppbH.webp\" \/>\n\t<meta property=\"og:image:width\" content=\"800\" \/>\n\t<meta property=\"og:image:height\" content=\"427\" \/>\n\t<meta property=\"og:image:type\" content=\"image\/webp\" \/>\n<meta name=\"twitter:card\" content=\"summary_large_image\" \/>\n<meta name=\"twitter:label1\" content=\"Est. tempo de leitura\" \/>\n\t<meta name=\"twitter:data1\" content=\"1 minuto\" \/>\n<script type=\"application\/ld+json\" class=\"yoast-schema-graph\">{\"@context\":\"https:\/\/schema.org\",\"@graph\":[{\"@type\":\"WebPage\",\"@id\":\"https:\/\/masterdrilling.com\/mining-services\/\",\"url\":\"https:\/\/masterdrilling.com\/mining-services\/\",\"name\":\"Mining services - Master Drilling Group\",\"isPartOf\":{\"@id\":\"https:\/\/masterdrilling.com\/#website\"},\"primaryImageOfPage\":{\"@id\":\"https:\/\/masterdrilling.com\/mining-services\/#primaryimage\"},\"image\":{\"@id\":\"https:\/\/masterdrilling.com\/mining-services\/#primaryimage\"},\"thumbnailUrl\":\"https:\/\/masterdrilling.com\/wp-content\/uploads\/2024\/09\/E9ahmiKVOcQqppbH.webp\",\"datePublished\":\"2024-08-01T23:05:43+00:00\",\"dateModified\":\"2026-03-23T23:04:21+00:00\",\"breadcrumb\":{\"@id\":\"https:\/\/masterdrilling.com\/mining-services\/#breadcrumb\"},\"inLanguage\":\"pt-BR\",\"potentialAction\":[{\"@type\":\"ReadAction\",\"target\":[\"https:\/\/masterdrilling.com\/mining-services\/\"]}]},{\"@type\":\"ImageObject\",\"inLanguage\":\"pt-BR\",\"@id\":\"https:\/\/masterdrilling.com\/mining-services\/#primaryimage\",\"url\":\"https:\/\/masterdrilling.com\/wp-content\/uploads\/2024\/09\/E9ahmiKVOcQqppbH.webp\",\"contentUrl\":\"https:\/\/masterdrilling.com\/wp-content\/uploads\/2024\/09\/E9ahmiKVOcQqppbH.webp\"},{\"@type\":\"BreadcrumbList\",\"@id\":\"https:\/\/masterdrilling.com\/mining-services\/#breadcrumb\",\"itemListElement\":[{\"@type\":\"ListItem\",\"position\":1,\"name\":\"Home\",\"item\":\"https:\/\/masterdrilling.com\/\"},{\"@type\":\"ListItem\",\"position\":2,\"name\":\"Mining services\"}]},{\"@type\":\"WebSite\",\"@id\":\"https:\/\/masterdrilling.com\/#website\",\"url\":\"https:\/\/masterdrilling.com\/\",\"name\":\"Master Drilling Group\",\"description\":\"Leveraging experience &amp; expertise to help businesses grow\",\"potentialAction\":[{\"@type\":\"SearchAction\",\"target\":{\"@type\":\"EntryPoint\",\"urlTemplate\":\"https:\/\/masterdrilling.com\/?s={search_term_string}\"},\"query-input\":{\"@type\":\"PropertyValueSpecification\",\"valueRequired\":true,\"valueName\":\"search_term_string\"}}],\"inLanguage\":\"pt-BR\"}]}<\/script>\n<!-- \/ Yoast SEO plugin. -->","yoast_head_json":{"title":"Servi\u00e7os de minera\u00e7\u00e3o - Master Drilling Group","robots":{"index":"index","follow":"follow","max-snippet":"max-snippet:-1","max-image-preview":"max-image-preview:large","max-video-preview":"max-video-preview:-1"},"canonical":"https:\/\/masterdrilling.com\/pt\/servicos-de-mineracao\/","og_locale":"pt_BR","og_type":"article","og_title":"Mining services - Master Drilling Group","og_description":"Home What we do Mining Services\u200b To round out our service portfolio and provide a more comprehensive solution to the mining industry, we have invested in acquisitions related to technology, safety, and data management. These strategic additions have positioned us as a leading provider of end-to-end mining services A&amp;R Group Learn more Applied Vehicle Analysis [&hellip;]","og_url":"https:\/\/masterdrilling.com\/pt\/servicos-de-mineracao\/","og_site_name":"Master Drilling Group","article_modified_time":"2026-03-23T23:04:21+00:00","og_image":[{"width":800,"height":427,"url":"https:\/\/masterdrilling.com\/wp-content\/uploads\/2024\/09\/E9ahmiKVOcQqppbH.webp","type":"image\/webp"}],"twitter_card":"summary_large_image","twitter_misc":{"Est. tempo de leitura":"1 minuto"},"schema":{"@context":"https:\/\/schema.org","@graph":[{"@type":"WebPage","@id":"https:\/\/masterdrilling.com\/mining-services\/","url":"https:\/\/masterdrilling.com\/mining-services\/","name":"Servi\u00e7os de minera\u00e7\u00e3o - Master Drilling Group","isPartOf":{"@id":"https:\/\/masterdrilling.com\/#website"},"primaryImageOfPage":{"@id":"https:\/\/masterdrilling.com\/mining-services\/#primaryimage"},"image":{"@id":"https:\/\/masterdrilling.com\/mining-services\/#primaryimage"},"thumbnailUrl":"https:\/\/masterdrilling.com\/wp-content\/uploads\/2024\/09\/E9ahmiKVOcQqppbH.webp","datePublished":"2024-08-01T23:05:43+00:00","dateModified":"2026-03-23T23:04:21+00:00","breadcrumb":{"@id":"https:\/\/masterdrilling.com\/mining-services\/#breadcrumb"},"inLanguage":"pt-BR","potentialAction":[{"@type":"ReadAction","target":["https:\/\/masterdrilling.com\/mining-services\/"]}]},{"@type":"ImageObject","inLanguage":"pt-BR","@id":"https:\/\/masterdrilling.com\/mining-services\/#primaryimage","url":"https:\/\/masterdrilling.com\/wp-content\/uploads\/2024\/09\/E9ahmiKVOcQqppbH.webp","contentUrl":"https:\/\/masterdrilling.com\/wp-content\/uploads\/2024\/09\/E9ahmiKVOcQqppbH.webp"},{"@type":"BreadcrumbList","@id":"https:\/\/masterdrilling.com\/mining-services\/#breadcrumb","itemListElement":[{"@type":"ListItem","position":1,"name":"Home","item":"https:\/\/masterdrilling.com\/"},{"@type":"ListItem","position":2,"name":"Mining services"}]},{"@type":"WebSite","@id":"https:\/\/masterdrilling.com\/#website","url":"https:\/\/masterdrilling.com\/","name":"Grupo Mestre de Perfura\u00e7\u00e3o","description":"Aproveitamento da experi\u00eancia e do conhecimento para ajudar as empresas a crescer","potentialAction":[{"@type":"SearchAction","target":{"@type":"EntryPoint","urlTemplate":"https:\/\/masterdrilling.com\/?s={search_term_string}"},"query-input":{"@type":"PropertyValueSpecification","valueRequired":true,"valueName":"search_term_string"}}],"inLanguage":"pt-BR"}]}},"_links":{"self":[{"href":"https:\/\/masterdrilling.com\/pt\/wp-json\/wp\/v2\/pages\/1536","targetHints":{"allow":["GET"]}}],"collection":[{"href":"https:\/\/masterdrilling.com\/pt\/wp-json\/wp\/v2\/pages"}],"about":[{"href":"https:\/\/masterdrilling.com\/pt\/wp-json\/wp\/v2\/types\/page"}],"author":[{"embeddable":true,"href":"https:\/\/masterdrilling.com\/pt\/wp-json\/wp\/v2\/users\/11"}],"replies":[{"embeddable":true,"href":"https:\/\/masterdrilling.com\/pt\/wp-json\/wp\/v2\/comments?post=1536"}],"version-history":[{"count":11,"href":"https:\/\/masterdrilling.com\/pt\/wp-json\/wp\/v2\/pages\/1536\/revisions"}],"predecessor-version":[{"id":8737,"href":"https:\/\/masterdrilling.com\/pt\/wp-json\/wp\/v2\/pages\/1536\/revisions\/8737"}],"wp:attachment":[{"href":"https:\/\/masterdrilling.com\/pt\/wp-json\/wp\/v2\/media?parent=1536"}],"curies":[{"name":"wp","href":"https:\/\/api.w.org\/{rel}","templated":true}]}}